{"id":84,"date":"2025-07-22T17:09:00","date_gmt":"2025-07-22T17:09:00","guid":{"rendered":"https:\/\/vahatra-tsididy.org\/?page_id=84"},"modified":"2025-09-04T11:13:32","modified_gmt":"2025-09-04T11:13:32","slug":"volet-environnement-et-changement-climatique","status":"publish","type":"page","link":"https:\/\/www.vahatra-tsididy.org\/index.php\/volet-environnement-et-changement-climatique\/","title":{"rendered":"Volet Environnement et Changement Climatique"},"content":{"rendered":"<div id=\"pl-gb84-69f0b0da5f1f9\"  class=\"panel-layout\" ><div id=\"pg-gb84-69f0b0da5f1f9-0\"  class=\"panel-grid panel-has-style\" ><div class=\"siteorigin-panels-stretch panel-row-style panel-row-style-for-gb84-69f0b0da5f1f9-0\" data-stretch-type=\"full\" ><div id=\"pgc-gb84-69f0b0da5f1f9-0-0\"  class=\"panel-grid-cell\" ><div id=\"panel-gb84-69f0b0da5f1f9-0-0-0\" class=\"so-panel widget widget_sow-headline panel-first-child panel-last-child\" data-index=\"0\" ><div\n\t\t\t\n\t\t\tclass=\"so-widget-sow-headline so-widget-sow-headline-default-ec422a0a4575-84 so-widget-fittext-wrapper\"\n\t\t\t data-fit-text-compressor=\"0.85\"\n\t\t><div class=\"sow-headline-container \">\n\t\t\t\t\t\t\t<h2 class=\"sow-headline\">\n\t\t\t\t\t\tVolet environnement et changement climatique\t\t\t\t\t\t<\/h2>\n\t\t\t\t\t\t\t\t\t\t\t<div class=\"decoration\">\n\t\t\t\t\t\t<div class=\"decoration-inside\"><\/div>\n\t\t\t\t\t<\/div>\n\t\t\t\t\t\t\t\t\t\t\t<h3 class=\"sow-sub-headline\">\n\t\t\t\t\t\tCe volet \u0153uvre \u00e0 la pr\u00e9servation des ressources naturelles tout en renfor\u00e7ant la r\u00e9silience des communaut\u00e9s face aux impacts du changement climatique.\t\t\t\t\t\t<\/h3>\n\t\t\t\t\t\t<\/div>\n<\/div><\/div><\/div><\/div><\/div><div id=\"pg-gb84-69f0b0da5f1f9-1\"  class=\"panel-grid panel-no-style\" ><div id=\"pgc-gb84-69f0b0da5f1f9-1-0\"  class=\"panel-grid-cell\" ><div id=\"panel-gb84-69f0b0da5f1f9-1-0-0\" class=\"so-panel widget widget_sow-image panel-first-child panel-last-child\" data-index=\"1\" ><div class=\"panel-widget-style panel-widget-style-for-gb84-69f0b0da5f1f9-1-0-0\" ><div\n\t\t\t\n\t\t\tclass=\"so-widget-sow-image so-widget-sow-image-default-8b5b6f678277-84\"\n\t\t\t\n\t\t>\n<div class=\"sow-image-container\">\n\t\t<img \n\tsrc=\"https:\/\/www.vahatra-tsididy.org\/wp-content\/uploads\/2025\/08\/WhatsApp-Image-2025-07-18-a-.jpg\" width=\"1600\" height=\"707\" srcset=\"https:\/\/www.vahatra-tsididy.org\/wp-content\/uploads\/2025\/08\/WhatsApp-Image-2025-07-18-a-.jpg 1600w, https:\/\/www.vahatra-tsididy.org\/wp-content\/uploads\/2025\/08\/WhatsApp-Image-2025-07-18-a--300x133.jpg 300w, https:\/\/www.vahatra-tsididy.org\/wp-content\/uploads\/2025\/08\/WhatsApp-Image-2025-07-18-a--1024x452.jpg 1024w, https:\/\/www.vahatra-tsididy.org\/wp-content\/uploads\/2025\/08\/WhatsApp-Image-2025-07-18-a--768x339.jpg 768w, https:\/\/www.vahatra-tsididy.org\/wp-content\/uploads\/2025\/08\/WhatsApp-Image-2025-07-18-a--1536x679.jpg 1536w\" sizes=\"(max-width: 1600px) 100vw, 1600px\" alt=\"\" \t\tclass=\"so-widget-image\"\/>\n\t<\/div>\n\n<\/div><\/div><\/div><\/div><div id=\"pgc-gb84-69f0b0da5f1f9-1-1\"  class=\"panel-grid-cell\" ><div id=\"panel-gb84-69f0b0da5f1f9-1-1-0\" class=\"so-panel widget widget_sow-editor panel-first-child panel-last-child\" data-index=\"2\" ><div\n\t\t\t\n\t\t\tclass=\"so-widget-sow-editor so-widget-sow-editor-base\"\n\t\t\t\n\t\t>\n<div class=\"siteorigin-widget-tinymce textwidget\">\n\t<h4><strong>Prot\u00e9ger l\u2019environnement et lutter contre le changement climatique avec VAHATRA<\/strong><\/h4>\n<p style=\"text-align: justify;\">Le projet VAHATRA place la protection de l\u2019environnement et la lutte contre le changement climatique au c\u0153ur de ses interventions. \u00c0 travers un ensemble d\u2019actions concr\u00e8tes et participatives, le projet accompagne les communaut\u00e9s rurales \u00e0 pr\u00e9server les ressources naturelles, renforcer leur r\u00e9silience et adopter des pratiques durables.<\/p>\n<\/div>\n<\/div><\/div><\/div><\/div><div id=\"pg-gb84-69f0b0da5f1f9-2\"  class=\"panel-grid panel-no-style\" ><div id=\"pgc-gb84-69f0b0da5f1f9-2-0\"  class=\"panel-grid-cell\" ><div id=\"panel-gb84-69f0b0da5f1f9-2-0-0\" class=\"so-panel widget widget_sow-editor panel-first-child panel-last-child\" data-index=\"3\" ><div\n\t\t\t\n\t\t\tclass=\"so-widget-sow-editor so-widget-sow-editor-base\"\n\t\t\t\n\t\t>\n<div class=\"siteorigin-widget-tinymce textwidget\">\n\t<h4><strong>Les principales initiatives mises en \u0153uvre : <\/strong><\/h4>\n<ul style=\"font-size: 27px; font-family: Bellefair;\">\n<li style=\"list-style-type: none;\">\n<ul style=\"font-size: 27px; list-style-type: square; font-family: Bellefair;\">\n<li>Protection de l\u2019environnement et du climat : p\u00e9pini\u00e8res, reboisement, mesures anti-\u00e9rosives, cultures associ\u00e9es, engrais organiques<\/li>\n<li>Appui aux processus de renforcement de la dynamique et de la consolidation de groupes: favorise une gestion communautaire durable des ressources naturelles.<\/li>\n<li>Organisation de visites d\u2019\u00e9change entre groupes et animateurs autour des pratiques pilotes : permet le transfert de bonnes pratiques \u00e9cologiques.<\/li>\n<li>Appui-conseil, suivi et \u00e9valuation\u00a0pour assurer une gestion durable et professionnelle des initiatives environnementales.<\/li>\n<\/ul>\n<\/li>\n<\/ul>\n<\/div>\n<\/div><\/div><\/div><div id=\"pgc-gb84-69f0b0da5f1f9-2-1\"  class=\"panel-grid-cell\" ><div id=\"panel-gb84-69f0b0da5f1f9-2-1-0\" class=\"so-panel widget widget_sow-image panel-first-child\" data-index=\"4\" ><div class=\"panel-widget-style panel-widget-style-for-gb84-69f0b0da5f1f9-2-1-0\" ><div\n\t\t\t\n\t\t\tclass=\"so-widget-sow-image so-widget-sow-image-default-c67d20f9f743-84\"\n\t\t\t\n\t\t>\n<div class=\"sow-image-container\">\n\t\t<img \n\tsrc=\"https:\/\/www.vahatra-tsididy.org\/wp-content\/uploads\/2025\/08\/WhatsApp-Image-2025-07-18-a-15.04.32_098d3.jpg\" width=\"1599\" height=\"707\" srcset=\"https:\/\/www.vahatra-tsididy.org\/wp-content\/uploads\/2025\/08\/WhatsApp-Image-2025-07-18-a-15.04.32_098d3.jpg 1599w, https:\/\/www.vahatra-tsididy.org\/wp-content\/uploads\/2025\/08\/WhatsApp-Image-2025-07-18-a-15.04.32_098d3-300x133.jpg 300w, https:\/\/www.vahatra-tsididy.org\/wp-content\/uploads\/2025\/08\/WhatsApp-Image-2025-07-18-a-15.04.32_098d3-1024x453.jpg 1024w, https:\/\/www.vahatra-tsididy.org\/wp-content\/uploads\/2025\/08\/WhatsApp-Image-2025-07-18-a-15.04.32_098d3-768x340.jpg 768w, https:\/\/www.vahatra-tsididy.org\/wp-content\/uploads\/2025\/08\/WhatsApp-Image-2025-07-18-a-15.04.32_098d3-1536x679.jpg 1536w\" sizes=\"(max-width: 1599px) 100vw, 1599px\" alt=\"\" \t\tclass=\"so-widget-image\"\/>\n\t<\/div>\n\n<\/div><\/div><\/div><div id=\"panel-gb84-69f0b0da5f1f9-2-1-1\" class=\"so-panel widget widget_sow-image panel-last-child\" data-index=\"5\" ><div class=\"panel-widget-style panel-widget-style-for-gb84-69f0b0da5f1f9-2-1-1\" ><div\n\t\t\t\n\t\t\tclass=\"so-widget-sow-image so-widget-sow-image-default-c67d20f9f743-84\"\n\t\t\t\n\t\t>\n<div class=\"sow-image-container\">\n\t\t<img \n\tsrc=\"https:\/\/www.vahatra-tsididy.org\/wp-content\/uploads\/2025\/08\/WhatsApp-Image-2025-07-18-a-15.04.32_098d3.jpg\" width=\"1599\" height=\"707\" srcset=\"https:\/\/www.vahatra-tsididy.org\/wp-content\/uploads\/2025\/08\/WhatsApp-Image-2025-07-18-a-15.04.32_098d3.jpg 1599w, https:\/\/www.vahatra-tsididy.org\/wp-content\/uploads\/2025\/08\/WhatsApp-Image-2025-07-18-a-15.04.32_098d3-300x133.jpg 300w, https:\/\/www.vahatra-tsididy.org\/wp-content\/uploads\/2025\/08\/WhatsApp-Image-2025-07-18-a-15.04.32_098d3-1024x453.jpg 1024w, https:\/\/www.vahatra-tsididy.org\/wp-content\/uploads\/2025\/08\/WhatsApp-Image-2025-07-18-a-15.04.32_098d3-768x340.jpg 768w, https:\/\/www.vahatra-tsididy.org\/wp-content\/uploads\/2025\/08\/WhatsApp-Image-2025-07-18-a-15.04.32_098d3-1536x679.jpg 1536w\" sizes=\"(max-width: 1599px) 100vw, 1599px\" alt=\"\" \t\tclass=\"so-widget-image\"\/>\n\t<\/div>\n\n<\/div><\/div><\/div><\/div><\/div><div id=\"pg-gb84-69f0b0da5f1f9-3\"  class=\"panel-grid panel-no-style\" ><div id=\"pgc-gb84-69f0b0da5f1f9-3-0\"  class=\"panel-grid-cell\" ><div id=\"panel-gb84-69f0b0da5f1f9-3-0-0\" class=\"so-panel widget widget_sow-image panel-first-child panel-last-child\" data-index=\"6\" ><div class=\"so-rounded panel-widget-style panel-widget-style-for-gb84-69f0b0da5f1f9-3-0-0\" ><div\n\t\t\t\n\t\t\tclass=\"so-widget-sow-image so-widget-sow-image-default-113ccd71f3e6-84\"\n\t\t\t\n\t\t>\n<div class=\"sow-image-container\">\n\t\t\t<a href=\"https:\/\/www.vahatra-tsididy.org\/index.php\/2025\/08\/18\/quand-le-piment-devient-une-activite-generatrice-de-revenus-durable\/\"\n\t\t\t\t\t>\n\t\t\t<img \n\tsrc=\"https:\/\/www.vahatra-tsididy.org\/wp-content\/uploads\/2025\/08\/WhatsApp-Image-2025-08-19-a-14.53.02_544359f61.jpg\" width=\"644\" height=\"642\" srcset=\"https:\/\/www.vahatra-tsididy.org\/wp-content\/uploads\/2025\/08\/WhatsApp-Image-2025-08-19-a-14.53.02_544359f61.jpg 644w, https:\/\/www.vahatra-tsididy.org\/wp-content\/uploads\/2025\/08\/WhatsApp-Image-2025-08-19-a-14.53.02_544359f61-300x300.jpg 300w, https:\/\/www.vahatra-tsididy.org\/wp-content\/uploads\/2025\/08\/WhatsApp-Image-2025-08-19-a-14.53.02_544359f61-150x150.jpg 150w\" sizes=\"(max-width: 644px) 100vw, 644px\" title=\"Protection de l\u2019environnement et du climat \" alt=\"\" \t\tclass=\"so-widget-image\"\/>\n\t\t\t<\/a><\/div>\n\n<h3 class=\"widget-title\">\t\t<a href=\"https:\/\/www.vahatra-tsididy.org\/index.php\/2025\/08\/18\/quand-le-piment-devient-une-activite-generatrice-de-revenus-durable\/\"\n\t\t\t\t\t>\n\t\tProtection de l\u2019environnement et du climat <\/a><\/h3><\/div><\/div><\/div><\/div><div id=\"pgc-gb84-69f0b0da5f1f9-3-1\"  class=\"panel-grid-cell\" ><div id=\"panel-gb84-69f0b0da5f1f9-3-1-0\" class=\"so-panel widget widget_sow-image panel-first-child panel-last-child\" data-index=\"7\" ><div class=\"so-rounded panel-widget-style panel-widget-style-for-gb84-69f0b0da5f1f9-3-1-0\" ><div\n\t\t\t\n\t\t\tclass=\"so-widget-sow-image so-widget-sow-image-default-113ccd71f3e6-84\"\n\t\t\t\n\t\t>\n<div class=\"sow-image-container\">\n\t\t\t<a href=\"https:\/\/www.vahatra-tsididy.org\/index.php\/2025\/08\/18\/quand-le-piment-devient-une-activite-generatrice-de-revenus-durable\/\"\n\t\t\t\t\t>\n\t\t\t<img \n\tsrc=\"https:\/\/www.vahatra-tsididy.org\/wp-content\/uploads\/2025\/08\/WhatsApp-Image-2025-08-19-a-14.53.02_544359f61.jpg\" width=\"644\" height=\"642\" srcset=\"https:\/\/www.vahatra-tsididy.org\/wp-content\/uploads\/2025\/08\/WhatsApp-Image-2025-08-19-a-14.53.02_544359f61.jpg 644w, https:\/\/www.vahatra-tsididy.org\/wp-content\/uploads\/2025\/08\/WhatsApp-Image-2025-08-19-a-14.53.02_544359f61-300x300.jpg 300w, https:\/\/www.vahatra-tsididy.org\/wp-content\/uploads\/2025\/08\/WhatsApp-Image-2025-08-19-a-14.53.02_544359f61-150x150.jpg 150w\" sizes=\"(max-width: 644px) 100vw, 644px\" title=\"Appui aux processus de renforcement des groupes\" alt=\"\" \t\tclass=\"so-widget-image\"\/>\n\t\t\t<\/a><\/div>\n\n<h3 class=\"widget-title\">\t\t<a href=\"https:\/\/www.vahatra-tsididy.org\/index.php\/2025\/08\/18\/quand-le-piment-devient-une-activite-generatrice-de-revenus-durable\/\"\n\t\t\t\t\t>\n\t\tAppui aux processus de renforcement des groupes<\/a><\/h3><\/div><\/div><\/div><\/div><div id=\"pgc-gb84-69f0b0da5f1f9-3-2\"  class=\"panel-grid-cell\" ><div id=\"panel-gb84-69f0b0da5f1f9-3-2-0\" class=\"so-panel widget widget_sow-image panel-first-child panel-last-child\" data-index=\"8\" ><div class=\"so-rounded panel-widget-style panel-widget-style-for-gb84-69f0b0da5f1f9-3-2-0\" ><div\n\t\t\t\n\t\t\tclass=\"so-widget-sow-image so-widget-sow-image-default-113ccd71f3e6-84\"\n\t\t\t\n\t\t>\n<div class=\"sow-image-container\">\n\t\t\t<a href=\"https:\/\/www.vahatra-tsididy.org\/index.php\/2025\/08\/18\/quand-le-piment-devient-une-activite-generatrice-de-revenus-durable\/\"\n\t\t\t\t\t>\n\t\t\t<img \n\tsrc=\"https:\/\/www.vahatra-tsididy.org\/wp-content\/uploads\/2025\/08\/WhatsApp-Image-2025-08-19-a-14.53.02_544359f61.jpg\" width=\"644\" height=\"642\" srcset=\"https:\/\/www.vahatra-tsididy.org\/wp-content\/uploads\/2025\/08\/WhatsApp-Image-2025-08-19-a-14.53.02_544359f61.jpg 644w, https:\/\/www.vahatra-tsididy.org\/wp-content\/uploads\/2025\/08\/WhatsApp-Image-2025-08-19-a-14.53.02_544359f61-300x300.jpg 300w, https:\/\/www.vahatra-tsididy.org\/wp-content\/uploads\/2025\/08\/WhatsApp-Image-2025-08-19-a-14.53.02_544359f61-150x150.jpg 150w\" sizes=\"(max-width: 644px) 100vw, 644px\" title=\"Organisation de visites d\u2019\u00e9change entre groupes et animateurs \" alt=\"\" \t\tclass=\"so-widget-image\"\/>\n\t\t\t<\/a><\/div>\n\n<h3 class=\"widget-title\">\t\t<a href=\"https:\/\/www.vahatra-tsididy.org\/index.php\/2025\/08\/18\/quand-le-piment-devient-une-activite-generatrice-de-revenus-durable\/\"\n\t\t\t\t\t>\n\t\tOrganisation de visites d\u2019\u00e9change entre groupes et animateurs <\/a><\/h3><\/div><\/div><\/div><\/div><div id=\"pgc-gb84-69f0b0da5f1f9-3-3\"  class=\"panel-grid-cell\" ><div id=\"panel-gb84-69f0b0da5f1f9-3-3-0\" class=\"so-panel widget widget_sow-image panel-first-child panel-last-child\" data-index=\"9\" ><div class=\"so-rounded panel-widget-style panel-widget-style-for-gb84-69f0b0da5f1f9-3-3-0\" ><div\n\t\t\t\n\t\t\tclass=\"so-widget-sow-image so-widget-sow-image-default-113ccd71f3e6-84\"\n\t\t\t\n\t\t>\n<div class=\"sow-image-container\">\n\t\t\t<a href=\"https:\/\/www.vahatra-tsididy.org\/index.php\/2025\/08\/18\/quand-le-piment-devient-une-activite-generatrice-de-revenus-durable\/\"\n\t\t\t\t\t>\n\t\t\t<img \n\tsrc=\"https:\/\/www.vahatra-tsididy.org\/wp-content\/uploads\/2025\/08\/WhatsApp-Image-2025-08-19-a-14.53.02_544359f61.jpg\" width=\"644\" height=\"642\" srcset=\"https:\/\/www.vahatra-tsididy.org\/wp-content\/uploads\/2025\/08\/WhatsApp-Image-2025-08-19-a-14.53.02_544359f61.jpg 644w, https:\/\/www.vahatra-tsididy.org\/wp-content\/uploads\/2025\/08\/WhatsApp-Image-2025-08-19-a-14.53.02_544359f61-300x300.jpg 300w, https:\/\/www.vahatra-tsididy.org\/wp-content\/uploads\/2025\/08\/WhatsApp-Image-2025-08-19-a-14.53.02_544359f61-150x150.jpg 150w\" sizes=\"(max-width: 644px) 100vw, 644px\" title=\"Appui-conseil, suivi et \u00e9valuation pour assurer une gestion durable \" alt=\"\" \t\tclass=\"so-widget-image\"\/>\n\t\t\t<\/a><\/div>\n\n<h3 class=\"widget-title\">\t\t<a href=\"https:\/\/www.vahatra-tsididy.org\/index.php\/2025\/08\/18\/quand-le-piment-devient-une-activite-generatrice-de-revenus-durable\/\"\n\t\t\t\t\t>\n\t\tAppui-conseil, suivi et \u00e9valuation pour assurer une gestion durable <\/a><\/h3><\/div><\/div><\/div><\/div><\/div><\/div>","protected":false},"excerpt":{"rendered":"<p>Prot\u00e9ger l\u2019environnement et lutter contre le changement climatique avec VAHATRA Le projet VAHATRA place la protection de l\u2019environnement et la [&hellip;]<\/p>\n","protected":false},"author":1,"featured_media":0,"parent":0,"menu_order":0,"comment_status":"closed","ping_status":"closed","template":"","meta":{"site-sidebar-layout":"default","site-content-layout":"","ast-site-content-layout":"default","site-content-style":"default","site-sidebar-style":"default","ast-global-header-display":"","ast-banner-title-visibility":"","ast-main-header-display":"","ast-hfb-above-header-display":"","ast-hfb-below-header-display":"","ast-hfb-mobile-header-display":"","site-post-title":"disabled","ast-breadcrumbs-content":"","ast-featured-img":"","footer-sml-layout":"","theme-transparent-header-meta":"","adv-header-id-meta":"","stick-header-meta":"","header-above-stick-meta":"","header-main-stick-meta":"","header-below-stick-meta":"","astra-migrate-meta-layouts":"default","ast-page-background-enabled":"default","ast-page-background-meta":{"desktop":{"background-color":"var(--ast-global-color-5)","background-image":"","background-repeat":"repeat","background-position":"center center","background-size":"auto","background-attachment":"scroll","background-type":"","background-media":"","overlay-type":"","overlay-color":"","overlay-opacity":"","overlay-gradient":""},"tablet":{"background-color":"","background-image":"","background-repeat":"repeat","background-position":"center center","background-size":"auto","background-attachment":"scroll","background-type":"","background-media":"","overlay-type":"","overlay-color":"","overlay-opacity":"","overlay-gradient":""},"mobile":{"background-color":"","background-image":"","background-repeat":"repeat","background-position":"center center","background-size":"auto","background-attachment":"scroll","background-type":"","background-media":"","overlay-type":"","overlay-color":"","overlay-opacity":"","overlay-gradient":""}},"ast-content-background-meta":{"desktop":{"background-color":"var(--ast-global-color-4)","background-image":"","background-repeat":"repeat","background-position":"center center","background-size":"auto","background-attachment":"scroll","background-type":"","background-media":"","overlay-type":"","overlay-color":"","overlay-opacity":"","overlay-gradient":""},"tablet":{"background-color":"var(--ast-global-color-4)","background-image":"","background-repeat":"repeat","background-position":"center center","background-size":"auto","background-attachment":"scroll","background-type":"","background-media":"","overlay-type":"","overlay-color":"","overlay-opacity":"","overlay-gradient":""},"mobile":{"background-color":"var(--ast-global-color-4)","background-image":"","background-repeat":"repeat","background-position":"center center","background-size":"auto","background-attachment":"scroll","background-type":"","background-media":"","overlay-type":"","overlay-color":"","overlay-opacity":"","overlay-gradient":""}},"footnotes":""},"class_list":["post-84","page","type-page","status-publish","hentry"],"_links":{"self":[{"href":"https:\/\/www.vahatra-tsididy.org\/index.php\/wp-json\/wp\/v2\/pages\/84","targetHints":{"allow":["GET"]}}],"collection":[{"href":"https:\/\/www.vahatra-tsididy.org\/index.php\/wp-json\/wp\/v2\/pages"}],"about":[{"href":"https:\/\/www.vahatra-tsididy.org\/index.php\/wp-json\/wp\/v2\/types\/page"}],"author":[{"embeddable":true,"href":"https:\/\/www.vahatra-tsididy.org\/index.php\/wp-json\/wp\/v2\/users\/1"}],"replies":[{"embeddable":true,"href":"https:\/\/www.vahatra-tsididy.org\/index.php\/wp-json\/wp\/v2\/comments?post=84"}],"version-history":[{"count":20,"href":"https:\/\/www.vahatra-tsididy.org\/index.php\/wp-json\/wp\/v2\/pages\/84\/revisions"}],"predecessor-version":[{"id":848,"href":"https:\/\/www.vahatra-tsididy.org\/index.php\/wp-json\/wp\/v2\/pages\/84\/revisions\/848"}],"wp:attachment":[{"href":"https:\/\/www.vahatra-tsididy.org\/index.php\/wp-json\/wp\/v2\/media?parent=84"}],"curies":[{"name":"wp","href":"https:\/\/api.w.org\/{rel}","templated":true}]}}