{"id":82,"date":"2025-07-22T17:08:04","date_gmt":"2025-07-22T17:08:04","guid":{"rendered":"https:\/\/vahatra-tsididy.org\/?page_id=82"},"modified":"2025-09-04T08:10:37","modified_gmt":"2025-09-04T08:10:37","slug":"volet-securisation-alimentaire-vsa","status":"publish","type":"page","link":"https:\/\/www.vahatra-tsididy.org\/index.php\/volet-securisation-alimentaire-vsa\/","title":{"rendered":"Volet S\u00e9curisation Alimentaire (VSA)"},"content":{"rendered":"<div id=\"pl-gb82-69f0c64e0af27\"  class=\"panel-layout\" ><div id=\"pg-gb82-69f0c64e0af27-0\"  class=\"panel-grid panel-has-style\" ><div class=\"siteorigin-panels-stretch panel-row-style panel-row-style-for-gb82-69f0c64e0af27-0\" data-stretch-type=\"full\" ><div id=\"pgc-gb82-69f0c64e0af27-0-0\"  class=\"panel-grid-cell\" ><div id=\"panel-gb82-69f0c64e0af27-0-0-0\" class=\"so-panel widget widget_sow-headline panel-first-child panel-last-child\" data-index=\"0\" ><div\n\t\t\t\n\t\t\tclass=\"so-widget-sow-headline so-widget-sow-headline-default-ec422a0a4575-82 so-widget-fittext-wrapper\"\n\t\t\t data-fit-text-compressor=\"0.85\"\n\t\t><div class=\"sow-headline-container \">\n\t\t\t\t\t\t\t<h2 class=\"sow-headline\">\n\t\t\t\t\t\tVolet s\u00e9curisation alimentaire (VSA)\t\t\t\t\t\t<\/h2>\n\t\t\t\t\t\t\t\t\t\t\t<div class=\"decoration\">\n\t\t\t\t\t\t<div class=\"decoration-inside\"><\/div>\n\t\t\t\t\t<\/div>\n\t\t\t\t\t\t\t\t\t\t\t<h3 class=\"sow-sub-headline\">\n\t\t\t\t\t\tNos objectifs, dans ce volet, visent \u00e0 renforcer la s\u00e9curit\u00e9 alimentaire des m\u00e9nages en am\u00e9liorant \u00e0 la fois la disponibilit\u00e9 et la qualit\u00e9 de leur alimentation.\t\t\t\t\t\t<\/h3>\n\t\t\t\t\t\t<\/div>\n<\/div><\/div><\/div><\/div><\/div><div id=\"pg-gb82-69f0c64e0af27-1\"  class=\"panel-grid panel-no-style\" ><div id=\"pgc-gb82-69f0c64e0af27-1-0\"  class=\"panel-grid-cell\" ><div id=\"panel-gb82-69f0c64e0af27-1-0-0\" class=\"so-panel widget widget_sow-image panel-first-child panel-last-child\" data-index=\"1\" ><div class=\"panel-widget-style panel-widget-style-for-gb82-69f0c64e0af27-1-0-0\" ><div\n\t\t\t\n\t\t\tclass=\"so-widget-sow-image so-widget-sow-image-default-8b5b6f678277-82\"\n\t\t\t\n\t\t>\n<div class=\"sow-image-container\">\n\t\t<img \n\tsrc=\"https:\/\/www.vahatra-tsididy.org\/wp-content\/uploads\/2025\/08\/3.jpg\" width=\"596\" height=\"447\" srcset=\"https:\/\/www.vahatra-tsididy.org\/wp-content\/uploads\/2025\/08\/3.jpg 596w, https:\/\/www.vahatra-tsididy.org\/wp-content\/uploads\/2025\/08\/3-300x225.jpg 300w\" sizes=\"(max-width: 596px) 100vw, 596px\" alt=\"\" \t\tclass=\"so-widget-image\"\/>\n\t<\/div>\n\n<\/div><\/div><\/div><\/div><div id=\"pgc-gb82-69f0c64e0af27-1-1\"  class=\"panel-grid-cell\" ><div id=\"panel-gb82-69f0c64e0af27-1-1-0\" class=\"so-panel widget widget_sow-editor panel-first-child panel-last-child\" data-index=\"2\" ><div\n\t\t\t\n\t\t\tclass=\"so-widget-sow-editor so-widget-sow-editor-base\"\n\t\t\t\n\t\t>\n<div class=\"siteorigin-widget-tinymce textwidget\">\n\t<h4><strong>Un engagement pour une meilleure autonomie des m\u00e9nages.<\/strong><\/h4>\n<p style=\"text-align: justify;\">Dans le cadre de ses interventions, le projet VAHATRA d\u00e9ploie un ensemble d\u2019actions concr\u00e8tes pour am\u00e9liorer la s\u00e9curit\u00e9 alimentaire des communaut\u00e9s rurales. L\u2019objectif est clair : renforcer durablement la disponibilit\u00e9, la qualit\u00e9 et la diversit\u00e9 de l\u2019alimentation des m\u00e9nages, tout en d\u00e9veloppant des pratiques agricoles et \u00e9conomiques r\u00e9silientes.<\/p>\n<\/div>\n<\/div><\/div><\/div><\/div><div id=\"pg-gb82-69f0c64e0af27-2\"  class=\"panel-grid panel-no-style\" ><div id=\"pgc-gb82-69f0c64e0af27-2-0\"  class=\"panel-grid-cell\" ><div id=\"panel-gb82-69f0c64e0af27-2-0-0\" class=\"so-panel widget widget_sow-editor panel-first-child panel-last-child\" data-index=\"3\" ><div\n\t\t\t\n\t\t\tclass=\"so-widget-sow-editor so-widget-sow-editor-base\"\n\t\t\t\n\t\t>\n<div class=\"siteorigin-widget-tinymce textwidget\">\n\t<h4><strong>Les principales initiatives mises en \u0153uvre : <\/strong><\/h4>\n<ul style=\"font-size: 27px; font-family: Bellefair;\">\n<li style=\"list-style-type: none;\">\n<ul style=\"font-size: 27px; list-style-type: square; font-family: Bellefair;\">\n<li>Am\u00e9lioration des techniques post-r\u00e9colte<\/li>\n<li>Cr\u00e9ation de magasins de stockage communautaires<\/li>\n<li>Promotion de techniques culturales am\u00e9lior\u00e9es<\/li>\n<li>Diversification agricole et nutritionnelle<\/li>\n<li>Appui aux activit\u00e9s g\u00e9n\u00e9ratrices de revenus<\/li>\n<li>Renforcement des capacit\u00e9s en commercialisation<\/li>\n<\/ul>\n<\/li>\n<\/ul>\n<\/div>\n<\/div><\/div><\/div><div id=\"pgc-gb82-69f0c64e0af27-2-1\"  class=\"panel-grid-cell\" ><div id=\"panel-gb82-69f0c64e0af27-2-1-0\" class=\"so-panel widget widget_sow-image panel-first-child panel-last-child\" data-index=\"4\" ><div class=\"panel-widget-style panel-widget-style-for-gb82-69f0c64e0af27-2-1-0\" ><div\n\t\t\t\n\t\t\tclass=\"so-widget-sow-image so-widget-sow-image-default-c67d20f9f743-82\"\n\t\t\t\n\t\t>\n<div class=\"sow-image-container\">\n\t\t<img \n\tsrc=\"https:\/\/www.vahatra-tsididy.org\/wp-content\/uploads\/2025\/08\/2.jpg\" width=\"1280\" height=\"576\" srcset=\"https:\/\/www.vahatra-tsididy.org\/wp-content\/uploads\/2025\/08\/2.jpg 1280w, https:\/\/www.vahatra-tsididy.org\/wp-content\/uploads\/2025\/08\/2-300x135.jpg 300w, https:\/\/www.vahatra-tsididy.org\/wp-content\/uploads\/2025\/08\/2-1024x461.jpg 1024w, https:\/\/www.vahatra-tsididy.org\/wp-content\/uploads\/2025\/08\/2-768x346.jpg 768w\" sizes=\"(max-width: 1280px) 100vw, 1280px\" alt=\"\" \t\tclass=\"so-widget-image\"\/>\n\t<\/div>\n\n<\/div><\/div><\/div><\/div><\/div><div id=\"pg-gb82-69f0c64e0af27-3\"  class=\"panel-grid panel-no-style\" ><div id=\"pgc-gb82-69f0c64e0af27-3-0\"  class=\"panel-grid-cell\" ><div id=\"panel-gb82-69f0c64e0af27-3-0-0\" class=\"so-panel widget widget_sow-image panel-first-child panel-last-child\" data-index=\"5\" ><div class=\"so-rounded panel-widget-style panel-widget-style-for-gb82-69f0c64e0af27-3-0-0\" ><div\n\t\t\t\n\t\t\tclass=\"so-widget-sow-image so-widget-sow-image-default-113ccd71f3e6-82\"\n\t\t\t\n\t\t>\n<div class=\"sow-image-container\">\n\t\t\t<a href=\"https:\/\/www.vahatra-tsididy.org\/index.php\/2025\/08\/18\/quand-le-piment-devient-une-activite-generatrice-de-revenus-durable\/\"\n\t\t\t\t\t>\n\t\t\t<img \n\tsrc=\"https:\/\/www.vahatra-tsididy.org\/wp-content\/uploads\/2025\/08\/WhatsApp-Image-2025-08-19-a-14.53.02_544359f61.jpg\" width=\"644\" height=\"642\" srcset=\"https:\/\/www.vahatra-tsididy.org\/wp-content\/uploads\/2025\/08\/WhatsApp-Image-2025-08-19-a-14.53.02_544359f61.jpg 644w, https:\/\/www.vahatra-tsididy.org\/wp-content\/uploads\/2025\/08\/WhatsApp-Image-2025-08-19-a-14.53.02_544359f61-300x300.jpg 300w, https:\/\/www.vahatra-tsididy.org\/wp-content\/uploads\/2025\/08\/WhatsApp-Image-2025-08-19-a-14.53.02_544359f61-150x150.jpg 150w\" sizes=\"(max-width: 644px) 100vw, 644px\" title=\"Am\u00e9lioration des techniques post-r\u00e9colte\" alt=\"\" \t\tclass=\"so-widget-image\"\/>\n\t\t\t<\/a><\/div>\n\n<h3 class=\"widget-title\">\t\t<a href=\"https:\/\/www.vahatra-tsididy.org\/index.php\/2025\/08\/18\/quand-le-piment-devient-une-activite-generatrice-de-revenus-durable\/\"\n\t\t\t\t\t>\n\t\tAm\u00e9lioration des techniques post-r\u00e9colte<\/a><\/h3><\/div><\/div><\/div><\/div><div id=\"pgc-gb82-69f0c64e0af27-3-1\"  class=\"panel-grid-cell\" ><div id=\"panel-gb82-69f0c64e0af27-3-1-0\" class=\"so-panel widget widget_sow-image panel-first-child panel-last-child\" data-index=\"6\" ><div class=\"so-rounded panel-widget-style panel-widget-style-for-gb82-69f0c64e0af27-3-1-0\" ><div\n\t\t\t\n\t\t\tclass=\"so-widget-sow-image so-widget-sow-image-default-113ccd71f3e6-82\"\n\t\t\t\n\t\t>\n<div class=\"sow-image-container\">\n\t\t\t<a href=\"https:\/\/www.vahatra-tsididy.org\/index.php\/2025\/08\/18\/quand-le-piment-devient-une-activite-generatrice-de-revenus-durable\/\"\n\t\t\t\t\t>\n\t\t\t<img \n\tsrc=\"https:\/\/www.vahatra-tsididy.org\/wp-content\/uploads\/2025\/08\/WhatsApp-Image-2025-08-19-a-14.53.02_544359f61.jpg\" width=\"644\" height=\"642\" srcset=\"https:\/\/www.vahatra-tsididy.org\/wp-content\/uploads\/2025\/08\/WhatsApp-Image-2025-08-19-a-14.53.02_544359f61.jpg 644w, https:\/\/www.vahatra-tsididy.org\/wp-content\/uploads\/2025\/08\/WhatsApp-Image-2025-08-19-a-14.53.02_544359f61-300x300.jpg 300w, https:\/\/www.vahatra-tsididy.org\/wp-content\/uploads\/2025\/08\/WhatsApp-Image-2025-08-19-a-14.53.02_544359f61-150x150.jpg 150w\" sizes=\"(max-width: 644px) 100vw, 644px\" title=\"Cr\u00e9ation de magasins de stockage communautaires\" alt=\"\" \t\tclass=\"so-widget-image\"\/>\n\t\t\t<\/a><\/div>\n\n<h3 class=\"widget-title\">\t\t<a href=\"https:\/\/www.vahatra-tsididy.org\/index.php\/2025\/08\/18\/quand-le-piment-devient-une-activite-generatrice-de-revenus-durable\/\"\n\t\t\t\t\t>\n\t\tCr\u00e9ation de magasins de stockage communautaires<\/a><\/h3><\/div><\/div><\/div><\/div><div id=\"pgc-gb82-69f0c64e0af27-3-2\"  class=\"panel-grid-cell\" ><div id=\"panel-gb82-69f0c64e0af27-3-2-0\" class=\"so-panel widget widget_sow-image panel-first-child panel-last-child\" data-index=\"7\" ><div class=\"so-rounded panel-widget-style panel-widget-style-for-gb82-69f0c64e0af27-3-2-0\" ><div\n\t\t\t\n\t\t\tclass=\"so-widget-sow-image so-widget-sow-image-default-113ccd71f3e6-82\"\n\t\t\t\n\t\t>\n<div class=\"sow-image-container\">\n\t\t\t<a href=\"https:\/\/www.vahatra-tsididy.org\/index.php\/2025\/08\/18\/quand-le-piment-devient-une-activite-generatrice-de-revenus-durable\/\"\n\t\t\t\t\t>\n\t\t\t<img \n\tsrc=\"https:\/\/www.vahatra-tsididy.org\/wp-content\/uploads\/2025\/08\/WhatsApp-Image-2025-08-19-a-14.53.02_544359f61.jpg\" width=\"644\" height=\"642\" srcset=\"https:\/\/www.vahatra-tsididy.org\/wp-content\/uploads\/2025\/08\/WhatsApp-Image-2025-08-19-a-14.53.02_544359f61.jpg 644w, https:\/\/www.vahatra-tsididy.org\/wp-content\/uploads\/2025\/08\/WhatsApp-Image-2025-08-19-a-14.53.02_544359f61-300x300.jpg 300w, https:\/\/www.vahatra-tsididy.org\/wp-content\/uploads\/2025\/08\/WhatsApp-Image-2025-08-19-a-14.53.02_544359f61-150x150.jpg 150w\" sizes=\"(max-width: 644px) 100vw, 644px\" title=\"Promotion de techniques culturales am\u00e9lior\u00e9es\" alt=\"\" \t\tclass=\"so-widget-image\"\/>\n\t\t\t<\/a><\/div>\n\n<h3 class=\"widget-title\">\t\t<a href=\"https:\/\/www.vahatra-tsididy.org\/index.php\/2025\/08\/18\/quand-le-piment-devient-une-activite-generatrice-de-revenus-durable\/\"\n\t\t\t\t\t>\n\t\tPromotion de techniques culturales am\u00e9lior\u00e9es<\/a><\/h3><\/div><\/div><\/div><\/div><div id=\"pgc-gb82-69f0c64e0af27-3-3\"  class=\"panel-grid-cell\" ><div id=\"panel-gb82-69f0c64e0af27-3-3-0\" class=\"so-panel widget widget_sow-image panel-first-child panel-last-child\" data-index=\"8\" ><div class=\"so-rounded panel-widget-style panel-widget-style-for-gb82-69f0c64e0af27-3-3-0\" ><div\n\t\t\t\n\t\t\tclass=\"so-widget-sow-image so-widget-sow-image-default-113ccd71f3e6-82\"\n\t\t\t\n\t\t>\n<div class=\"sow-image-container\">\n\t\t\t<a href=\"https:\/\/www.vahatra-tsididy.org\/index.php\/2025\/08\/18\/quand-le-piment-devient-une-activite-generatrice-de-revenus-durable\/\"\n\t\t\t\t\t>\n\t\t\t<img \n\tsrc=\"https:\/\/www.vahatra-tsididy.org\/wp-content\/uploads\/2025\/08\/WhatsApp-Image-2025-08-19-a-14.53.02_544359f61.jpg\" width=\"644\" height=\"642\" srcset=\"https:\/\/www.vahatra-tsididy.org\/wp-content\/uploads\/2025\/08\/WhatsApp-Image-2025-08-19-a-14.53.02_544359f61.jpg 644w, https:\/\/www.vahatra-tsididy.org\/wp-content\/uploads\/2025\/08\/WhatsApp-Image-2025-08-19-a-14.53.02_544359f61-300x300.jpg 300w, https:\/\/www.vahatra-tsididy.org\/wp-content\/uploads\/2025\/08\/WhatsApp-Image-2025-08-19-a-14.53.02_544359f61-150x150.jpg 150w\" sizes=\"(max-width: 644px) 100vw, 644px\" title=\"Appui aux activit\u00e9s g\u00e9n\u00e9ratrices de revenus\" alt=\"\" \t\tclass=\"so-widget-image\"\/>\n\t\t\t<\/a><\/div>\n\n<h3 class=\"widget-title\">\t\t<a href=\"https:\/\/www.vahatra-tsididy.org\/index.php\/2025\/08\/18\/quand-le-piment-devient-une-activite-generatrice-de-revenus-durable\/\"\n\t\t\t\t\t>\n\t\tAppui aux activit\u00e9s g\u00e9n\u00e9ratrices de revenus<\/a><\/h3><\/div><\/div><\/div><\/div><\/div><\/div>","protected":false},"excerpt":{"rendered":"<p>Un engagement pour une meilleure autonomie des m\u00e9nages. Dans le cadre de ses interventions, le projet VAHATRA d\u00e9ploie un ensemble [&hellip;]<\/p>\n","protected":false},"author":1,"featured_media":0,"parent":0,"menu_order":0,"comment_status":"closed","ping_status":"closed","template":"","meta":{"site-sidebar-layout":"default","site-content-layout":"","ast-site-content-layout":"default","site-content-style":"default","site-sidebar-style":"default","ast-global-header-display":"","ast-banner-title-visibility":"","ast-main-header-display":"","ast-hfb-above-header-display":"","ast-hfb-below-header-display":"","ast-hfb-mobile-header-display":"","site-post-title":"disabled","ast-breadcrumbs-content":"","ast-featured-img":"","footer-sml-layout":"","theme-transparent-header-meta":"","adv-header-id-meta":"","stick-header-meta":"","header-above-stick-meta":"","header-main-stick-meta":"","header-below-stick-meta":"","astra-migrate-meta-layouts":"default","ast-page-background-enabled":"default","ast-page-background-meta":{"desktop":{"background-color":"var(--ast-global-color-5)","background-image":"","background-repeat":"repeat","background-position":"center center","background-size":"auto","background-attachment":"scroll","background-type":"","background-media":"","overlay-type":"","overlay-color":"","overlay-opacity":"","overlay-gradient":""},"tablet":{"background-color":"","background-image":"","background-repeat":"repeat","background-position":"center center","background-size":"auto","background-attachment":"scroll","background-type":"","background-media":"","overlay-type":"","overlay-color":"","overlay-opacity":"","overlay-gradient":""},"mobile":{"background-color":"","background-image":"","background-repeat":"repeat","background-position":"center center","background-size":"auto","background-attachment":"scroll","background-type":"","background-media":"","overlay-type":"","overlay-color":"","overlay-opacity":"","overlay-gradient":""}},"ast-content-background-meta":{"desktop":{"background-color":"var(--ast-global-color-4)","background-image":"","background-repeat":"repeat","background-position":"center center","background-size":"auto","background-attachment":"scroll","background-type":"","background-media":"","overlay-type":"","overlay-color":"","overlay-opacity":"","overlay-gradient":""},"tablet":{"background-color":"var(--ast-global-color-4)","background-image":"","background-repeat":"repeat","background-position":"center center","background-size":"auto","background-attachment":"scroll","background-type":"","background-media":"","overlay-type":"","overlay-color":"","overlay-opacity":"","overlay-gradient":""},"mobile":{"background-color":"var(--ast-global-color-4)","background-image":"","background-repeat":"repeat","background-position":"center center","background-size":"auto","background-attachment":"scroll","background-type":"","background-media":"","overlay-type":"","overlay-color":"","overlay-opacity":"","overlay-gradient":""}},"footnotes":""},"class_list":["post-82","page","type-page","status-publish","hentry"],"_links":{"self":[{"href":"https:\/\/www.vahatra-tsididy.org\/index.php\/wp-json\/wp\/v2\/pages\/82","targetHints":{"allow":["GET"]}}],"collection":[{"href":"https:\/\/www.vahatra-tsididy.org\/index.php\/wp-json\/wp\/v2\/pages"}],"about":[{"href":"https:\/\/www.vahatra-tsididy.org\/index.php\/wp-json\/wp\/v2\/types\/page"}],"author":[{"embeddable":true,"href":"https:\/\/www.vahatra-tsididy.org\/index.php\/wp-json\/wp\/v2\/users\/1"}],"replies":[{"embeddable":true,"href":"https:\/\/www.vahatra-tsididy.org\/index.php\/wp-json\/wp\/v2\/comments?post=82"}],"version-history":[{"count":45,"href":"https:\/\/www.vahatra-tsididy.org\/index.php\/wp-json\/wp\/v2\/pages\/82\/revisions"}],"predecessor-version":[{"id":845,"href":"https:\/\/www.vahatra-tsididy.org\/index.php\/wp-json\/wp\/v2\/pages\/82\/revisions\/845"}],"wp:attachment":[{"href":"https:\/\/www.vahatra-tsididy.org\/index.php\/wp-json\/wp\/v2\/media?parent=82"}],"curies":[{"name":"wp","href":"https:\/\/api.w.org\/{rel}","templated":true}]}}