{"id":80,"date":"2025-07-22T17:07:44","date_gmt":"2025-07-22T17:07:44","guid":{"rendered":"https:\/\/vahatra-tsididy.org\/?page_id=80"},"modified":"2025-09-04T08:07:04","modified_gmt":"2025-09-04T08:07:04","slug":"volet-securisation-fonciere-vsf","status":"publish","type":"page","link":"https:\/\/www.vahatra-tsididy.org\/index.php\/volet-securisation-fonciere-vsf\/","title":{"rendered":"Volet S\u00e9curisation Fonci\u00e8re (VSF)"},"content":{"rendered":"<div id=\"pl-gb80-69f0c64e660ef\"  class=\"panel-layout\" ><div id=\"pg-gb80-69f0c64e660ef-0\"  class=\"panel-grid panel-has-style\" ><div class=\"siteorigin-panels-stretch panel-row-style panel-row-style-for-gb80-69f0c64e660ef-0\" data-stretch-type=\"full\" ><div id=\"pgc-gb80-69f0c64e660ef-0-0\"  class=\"panel-grid-cell\" ><div id=\"panel-gb80-69f0c64e660ef-0-0-0\" class=\"so-panel widget widget_sow-headline panel-first-child panel-last-child\" data-index=\"0\" ><div\n\t\t\t\n\t\t\tclass=\"so-widget-sow-headline so-widget-sow-headline-default-2cdb1d8eb1b7-80 so-widget-fittext-wrapper\"\n\t\t\t data-fit-text-compressor=\"0.85\"\n\t\t><div class=\"sow-headline-container \">\n\t\t\t\t\t\t\t<h2 class=\"sow-headline\">\n\t\t\t\t\t\tVolet S\u00e9curisation Fonci\u00e8re (VSF)\t\t\t\t\t\t<\/h2>\n\t\t\t\t\t\t\t\t\t\t\t<div class=\"decoration\">\n\t\t\t\t\t\t<div class=\"decoration-inside\"><\/div>\n\t\t\t\t\t<\/div>\n\t\t\t\t\t\t\t\t\t\t\t<h3 class=\"sow-sub-headline\">\n\t\t\t\t\t\tCe volet vise \u00e0 aider les populations, particuli\u00e8rement les paysans vuln\u00e9rables, \u00e0 s\u00e9curiser leurs terres par des d\u00e9marches sociales, \u00e9conomiques et juridiques appropri\u00e9es.\t\t\t\t\t\t<\/h3>\n\t\t\t\t\t\t<\/div>\n<\/div><\/div><\/div><\/div><\/div><div id=\"pg-gb80-69f0c64e660ef-1\"  class=\"panel-grid panel-no-style\" ><div id=\"pgc-gb80-69f0c64e660ef-1-0\"  class=\"panel-grid-cell\" ><div id=\"panel-gb80-69f0c64e660ef-1-0-0\" class=\"so-panel widget widget_sow-image panel-first-child panel-last-child\" data-index=\"1\" ><div class=\"panel-widget-style panel-widget-style-for-gb80-69f0c64e660ef-1-0-0\" ><div\n\t\t\t\n\t\t\tclass=\"so-widget-sow-image so-widget-sow-image-default-8b5b6f678277-80\"\n\t\t\t\n\t\t>\n<div class=\"sow-image-container\">\n\t\t<img \n\tsrc=\"https:\/\/www.vahatra-tsididy.org\/wp-content\/uploads\/2025\/08\/WhatsApp-Image-2025-07-18-a-.jpg\" width=\"1600\" height=\"707\" srcset=\"https:\/\/www.vahatra-tsididy.org\/wp-content\/uploads\/2025\/08\/WhatsApp-Image-2025-07-18-a-.jpg 1600w, https:\/\/www.vahatra-tsididy.org\/wp-content\/uploads\/2025\/08\/WhatsApp-Image-2025-07-18-a--300x133.jpg 300w, https:\/\/www.vahatra-tsididy.org\/wp-content\/uploads\/2025\/08\/WhatsApp-Image-2025-07-18-a--1024x452.jpg 1024w, https:\/\/www.vahatra-tsididy.org\/wp-content\/uploads\/2025\/08\/WhatsApp-Image-2025-07-18-a--768x339.jpg 768w, https:\/\/www.vahatra-tsididy.org\/wp-content\/uploads\/2025\/08\/WhatsApp-Image-2025-07-18-a--1536x679.jpg 1536w\" sizes=\"(max-width: 1600px) 100vw, 1600px\" alt=\"\" \t\tclass=\"so-widget-image\"\/>\n\t<\/div>\n\n<\/div><\/div><\/div><\/div><div id=\"pgc-gb80-69f0c64e660ef-1-1\"  class=\"panel-grid-cell\" ><div id=\"panel-gb80-69f0c64e660ef-1-1-0\" class=\"so-panel widget widget_sow-editor panel-first-child panel-last-child\" data-index=\"2\" ><div\n\t\t\t\n\t\t\tclass=\"so-widget-sow-editor so-widget-sow-editor-base\"\n\t\t\t\n\t\t>\n<div class=\"siteorigin-widget-tinymce textwidget\">\n\t<h4><strong>Activit\u00e9s li\u00e9es \u00e0 la s\u00e9curisation fonci\u00e8re<\/strong><\/h4>\n<p style=\"text-align: justify;\">Le projet apportera une contribution significative \u00e0 la s\u00e9curisation fonci\u00e8re dans le dioc\u00e8se.<br \/>\nLes populations, particuli\u00e8rement les paysans vuln\u00e9rables, seront accompagn\u00e9es pour s\u00e9curiser leurs terres en adoptant des d\u00e9marches sociales, \u00e9conomiques et juridiques appropri\u00e9es.<\/p>\n<\/div>\n<\/div><\/div><\/div><\/div><div id=\"pg-gb80-69f0c64e660ef-2\"  class=\"panel-grid panel-no-style\" ><div id=\"pgc-gb80-69f0c64e660ef-2-0\"  class=\"panel-grid-cell\" ><div id=\"panel-gb80-69f0c64e660ef-2-0-0\" class=\"so-panel widget widget_sow-editor panel-first-child panel-last-child\" data-index=\"3\" ><div\n\t\t\t\n\t\t\tclass=\"so-widget-sow-editor so-widget-sow-editor-base\"\n\t\t\t\n\t\t>\n<div class=\"siteorigin-widget-tinymce textwidget\">\n\t<h4><strong>Objectifs<\/strong><\/h4>\n<p style=\"text-align: justify;\">Dans le cadre de notre engagement pour la s\u00e9curisation fonci\u00e8re, notre action vise avant tout \u00e0 faciliter l\u2019acc\u00e8s des m\u00e9nages ruraux aux Certificats Fonciers, leur garantissant ainsi des droits reconnus et durables sur leurs terres. Nous travaillons \u00e9galement \u00e0 promouvoir la reconnaissance et la mise en valeur des terres, afin qu\u2019elles deviennent un v\u00e9ritable atout pour le d\u00e9veloppement \u00e9conomique et social des communaut\u00e9s. Par ailleurs, nous mettons un accent particulier sur la pr\u00e9vention et la r\u00e9solution pacifique des conflits fonciers, en privil\u00e9giant le dialogue, la participation et des solutions \u00e9quitables pour toutes les parties prenantes.<\/p>\n<\/div>\n<\/div><\/div><\/div><div id=\"pgc-gb80-69f0c64e660ef-2-1\"  class=\"panel-grid-cell\" ><div id=\"panel-gb80-69f0c64e660ef-2-1-0\" class=\"so-panel widget widget_sow-image panel-first-child panel-last-child\" data-index=\"4\" ><div class=\"panel-widget-style panel-widget-style-for-gb80-69f0c64e660ef-2-1-0\" ><div\n\t\t\t\n\t\t\tclass=\"so-widget-sow-image so-widget-sow-image-default-c67d20f9f743-80\"\n\t\t\t\n\t\t>\n<div class=\"sow-image-container\">\n\t\t<img \n\tsrc=\"https:\/\/www.vahatra-tsididy.org\/wp-content\/uploads\/2025\/08\/WhatsApp-Image-2025-07-18-a-15.04.32_098d3.jpg\" width=\"1599\" height=\"707\" srcset=\"https:\/\/www.vahatra-tsididy.org\/wp-content\/uploads\/2025\/08\/WhatsApp-Image-2025-07-18-a-15.04.32_098d3.jpg 1599w, https:\/\/www.vahatra-tsididy.org\/wp-content\/uploads\/2025\/08\/WhatsApp-Image-2025-07-18-a-15.04.32_098d3-300x133.jpg 300w, https:\/\/www.vahatra-tsididy.org\/wp-content\/uploads\/2025\/08\/WhatsApp-Image-2025-07-18-a-15.04.32_098d3-1024x453.jpg 1024w, https:\/\/www.vahatra-tsididy.org\/wp-content\/uploads\/2025\/08\/WhatsApp-Image-2025-07-18-a-15.04.32_098d3-768x340.jpg 768w, https:\/\/www.vahatra-tsididy.org\/wp-content\/uploads\/2025\/08\/WhatsApp-Image-2025-07-18-a-15.04.32_098d3-1536x679.jpg 1536w\" sizes=\"(max-width: 1599px) 100vw, 1599px\" alt=\"\" \t\tclass=\"so-widget-image\"\/>\n\t<\/div>\n\n<\/div><\/div><\/div><\/div><\/div><\/div>","protected":false},"excerpt":{"rendered":"<p>Activit\u00e9s li\u00e9es \u00e0 la s\u00e9curisation fonci\u00e8re Le projet apportera une contribution significative \u00e0 la s\u00e9curisation fonci\u00e8re dans le dioc\u00e8se. Les [&hellip;]<\/p>\n","protected":false},"author":1,"featured_media":0,"parent":0,"menu_order":0,"comment_status":"closed","ping_status":"closed","template":"","meta":{"site-sidebar-layout":"default","site-content-layout":"","ast-site-content-layout":"default","site-content-style":"default","site-sidebar-style":"default","ast-global-header-display":"","ast-banner-title-visibility":"","ast-main-header-display":"","ast-hfb-above-header-display":"","ast-hfb-below-header-display":"","ast-hfb-mobile-header-display":"","site-post-title":"disabled","ast-breadcrumbs-content":"","ast-featured-img":"","footer-sml-layout":"","theme-transparent-header-meta":"","adv-header-id-meta":"","stick-header-meta":"","header-above-stick-meta":"","header-main-stick-meta":"","header-below-stick-meta":"","astra-migrate-meta-layouts":"default","ast-page-background-enabled":"default","ast-page-background-meta":{"desktop":{"background-color":"var(--ast-global-color-5)","background-image":"","background-repeat":"repeat","background-position":"center center","background-size":"auto","background-attachment":"scroll","background-type":"","background-media":"","overlay-type":"","overlay-color":"","overlay-opacity":"","overlay-gradient":""},"tablet":{"background-color":"","background-image":"","background-repeat":"repeat","background-position":"center center","background-size":"auto","background-attachment":"scroll","background-type":"","background-media":"","overlay-type":"","overlay-color":"","overlay-opacity":"","overlay-gradient":""},"mobile":{"background-color":"","background-image":"","background-repeat":"repeat","background-position":"center center","background-size":"auto","background-attachment":"scroll","background-type":"","background-media":"","overlay-type":"","overlay-color":"","overlay-opacity":"","overlay-gradient":""}},"ast-content-background-meta":{"desktop":{"background-color":"var(--ast-global-color-4)","background-image":"","background-repeat":"repeat","background-position":"center center","background-size":"auto","background-attachment":"scroll","background-type":"","background-media":"","overlay-type":"","overlay-color":"","overlay-opacity":"","overlay-gradient":""},"tablet":{"background-color":"var(--ast-global-color-4)","background-image":"","background-repeat":"repeat","background-position":"center center","background-size":"auto","background-attachment":"scroll","background-type":"","background-media":"","overlay-type":"","overlay-color":"","overlay-opacity":"","overlay-gradient":""},"mobile":{"background-color":"var(--ast-global-color-4)","background-image":"","background-repeat":"repeat","background-position":"center center","background-size":"auto","background-attachment":"scroll","background-type":"","background-media":"","overlay-type":"","overlay-color":"","overlay-opacity":"","overlay-gradient":""}},"footnotes":""},"class_list":["post-80","page","type-page","status-publish","hentry"],"_links":{"self":[{"href":"https:\/\/www.vahatra-tsididy.org\/index.php\/wp-json\/wp\/v2\/pages\/80","targetHints":{"allow":["GET"]}}],"collection":[{"href":"https:\/\/www.vahatra-tsididy.org\/index.php\/wp-json\/wp\/v2\/pages"}],"about":[{"href":"https:\/\/www.vahatra-tsididy.org\/index.php\/wp-json\/wp\/v2\/types\/page"}],"author":[{"embeddable":true,"href":"https:\/\/www.vahatra-tsididy.org\/index.php\/wp-json\/wp\/v2\/users\/1"}],"replies":[{"embeddable":true,"href":"https:\/\/www.vahatra-tsididy.org\/index.php\/wp-json\/wp\/v2\/comments?post=80"}],"version-history":[{"count":20,"href":"https:\/\/www.vahatra-tsididy.org\/index.php\/wp-json\/wp\/v2\/pages\/80\/revisions"}],"predecessor-version":[{"id":844,"href":"https:\/\/www.vahatra-tsididy.org\/index.php\/wp-json\/wp\/v2\/pages\/80\/revisions\/844"}],"wp:attachment":[{"href":"https:\/\/www.vahatra-tsididy.org\/index.php\/wp-json\/wp\/v2\/media?parent=80"}],"curies":[{"name":"wp","href":"https:\/\/api.w.org\/{rel}","templated":true}]}}