{"id":76,"date":"2025-07-22T17:06:41","date_gmt":"2025-07-22T17:06:41","guid":{"rendered":"https:\/\/vahatra-tsididy.org\/?page_id=76"},"modified":"2025-11-23T06:56:31","modified_gmt":"2025-11-23T06:56:31","slug":"a-propos","status":"publish","type":"page","link":"https:\/\/www.vahatra-tsididy.org\/index.php\/a-propos\/","title":{"rendered":"Activit\u00e9s"},"content":{"rendered":"<div id=\"pl-gb76-69f0b62bba4ec\"  class=\"panel-layout\" ><div id=\"pg-gb76-69f0b62bba4ec-0\"  class=\"panel-grid panel-has-style\" ><div class=\"siteorigin-panels-stretch panel-row-style panel-row-style-for-gb76-69f0b62bba4ec-0\" data-stretch-type=\"full\" ><div id=\"pgc-gb76-69f0b62bba4ec-0-0\"  class=\"panel-grid-cell\" ><div id=\"panel-gb76-69f0b62bba4ec-0-0-0\" class=\"so-panel widget widget_sow-headline panel-first-child panel-last-child\" data-index=\"0\" ><div\n\t\t\t\n\t\t\tclass=\"so-widget-sow-headline so-widget-sow-headline-default-e289f5129852-76 so-widget-fittext-wrapper\"\n\t\t\t data-fit-text-compressor=\"0.85\"\n\t\t><div class=\"sow-headline-container \">\n\t\t\t\t\t\t\t<h2 class=\"sow-headline\">\n\t\t\t\t\t\tLES PRINCIPALES ACTIVITES DU PROJET VAHATRA\t\t\t\t\t\t<\/h2>\n\t\t\t\t\t\t\t\t\t\t\t<div class=\"decoration\">\n\t\t\t\t\t\t<div class=\"decoration-inside\"><\/div>\n\t\t\t\t\t<\/div>\n\t\t\t\t\t\t\t\t\t\t\t<h3 class=\"sow-sub-headline\">\n\t\t\t\t\t\tLe projet Vahatra intervient \u00e0 travers plusieurs volets compl\u00e9mentaires, visant \u00e0 am\u00e9liorer les conditions de vie des populations rurales tout en renfor\u00e7ant leur r\u00e9silience face aux d\u00e9fis \u00e9conomiques, sociaux et environnementaux.\t\t\t\t\t\t<\/h3>\n\t\t\t\t\t\t<\/div>\n<\/div><\/div><\/div><\/div><\/div><div id=\"pg-gb76-69f0b62bba4ec-1\"  class=\"panel-grid panel-has-style\" ><div class=\"panel-row-style panel-row-style-for-gb76-69f0b62bba4ec-1\" ><div id=\"pgc-gb76-69f0b62bba4ec-1-0\"  class=\"panel-grid-cell\" ><div id=\"panel-gb76-69f0b62bba4ec-1-0-0\" class=\"so-panel widget widget_sow-image panel-first-child\" data-index=\"1\" ><div class=\"photo-move panel-widget-style panel-widget-style-for-gb76-69f0b62bba4ec-1-0-0\" ><div\n\t\t\t\n\t\t\tclass=\"so-widget-sow-image so-widget-sow-image-default-8b5b6f678277-76\"\n\t\t\t\n\t\t>\n<div class=\"sow-image-container\">\n\t\t\t<a href=\"https:\/\/www.vahatra-tsididy.org\/index.php\/volet-securisation-fonciere-vsf\/\"\n\t\t\t\t\t>\n\t\t\t<img \n\tsrc=\"https:\/\/www.vahatra-tsididy.org\/wp-content\/uploads\/2025\/08\/WhatsApp-Image-2025-07-18-a-.jpg\" width=\"1600\" height=\"707\" srcset=\"https:\/\/www.vahatra-tsididy.org\/wp-content\/uploads\/2025\/08\/WhatsApp-Image-2025-07-18-a-.jpg 1600w, https:\/\/www.vahatra-tsididy.org\/wp-content\/uploads\/2025\/08\/WhatsApp-Image-2025-07-18-a--300x133.jpg 300w, https:\/\/www.vahatra-tsididy.org\/wp-content\/uploads\/2025\/08\/WhatsApp-Image-2025-07-18-a--1024x452.jpg 1024w, https:\/\/www.vahatra-tsididy.org\/wp-content\/uploads\/2025\/08\/WhatsApp-Image-2025-07-18-a--768x339.jpg 768w, https:\/\/www.vahatra-tsididy.org\/wp-content\/uploads\/2025\/08\/WhatsApp-Image-2025-07-18-a--1536x679.jpg 1536w\" sizes=\"(max-width: 1600px) 100vw, 1600px\" alt=\"\" \t\tclass=\"so-widget-image\"\/>\n\t\t\t<\/a><\/div>\n\n<\/div><\/div><\/div><div id=\"panel-gb76-69f0b62bba4ec-1-0-1\" class=\"so-panel widget widget_sow-editor\" data-index=\"2\" ><div\n\t\t\t\n\t\t\tclass=\"so-widget-sow-editor so-widget-sow-editor-base\"\n\t\t\t\n\t\t>\n<div class=\"siteorigin-widget-tinymce textwidget\">\n\t<h4>Volet S\u00e9curisation Fonci\u00e8re (VSF)<\/h4>\n<p style=\"text-align: justify;\">Ce volet vise \u00e0 aider les populations, particuli\u00e8rement les paysans vuln\u00e9rables, \u00e0 s\u00e9curiser leurs terres par des d\u00e9marches sociales, \u00e9conomiques et juridiques appropri\u00e9es.<\/p>\n<p style=\"text-align: center;\"><a href=\"https:\/\/www.vahatra-tsididy.org\/index.php\/volet-securisation-fonciere-vsf\/\">Voir plus &#8230;<\/a><\/p>\n<\/div>\n<\/div><\/div><div id=\"panel-gb76-69f0b62bba4ec-1-0-2\" class=\"so-panel widget widget_sow-image\" data-index=\"3\" ><div\n\t\t\t\n\t\t\tclass=\"so-widget-sow-image so-widget-sow-image-default-8b5b6f678277-76\"\n\t\t\t\n\t\t>\n<div class=\"sow-image-container\">\n\t\t\t<a href=\"https:\/\/www.vahatra-tsididy.org\/index.php\/sensibilisation-sur-les-themes-sociaux\/\"\n\t\t\t\t\t>\n\t\t\t<img \n\tsrc=\"https:\/\/www.vahatra-tsididy.org\/wp-content\/uploads\/2025\/08\/11.jpg\" width=\"762\" height=\"556\" srcset=\"https:\/\/www.vahatra-tsididy.org\/wp-content\/uploads\/2025\/08\/11.jpg 762w, https:\/\/www.vahatra-tsididy.org\/wp-content\/uploads\/2025\/08\/11-300x219.jpg 300w\" sizes=\"(max-width: 762px) 100vw, 762px\" alt=\"\" \t\tclass=\"so-widget-image\"\/>\n\t\t\t<\/a><\/div>\n\n<\/div><\/div><div id=\"panel-gb76-69f0b62bba4ec-1-0-3\" class=\"so-panel widget widget_sow-editor panel-last-child\" data-index=\"4\" ><div\n\t\t\t\n\t\t\tclass=\"so-widget-sow-editor so-widget-sow-editor-base\"\n\t\t\t\n\t\t>\n<div class=\"siteorigin-widget-tinymce textwidget\">\n\t<h4 class=\"entry-title\">Sensibilisation sur les th\u00e8mes sociaux (transversale)<\/h4>\n<p style=\"text-align: justify;\">Cette activit\u00e9 a pour objectif de renforcer la coh\u00e9sion sociale et d\u2019am\u00e9liorer les comportements au sein des communaut\u00e9s, en mettant l\u2019accent sur l\u2019hygi\u00e8ne, la sant\u00e9 et le bien-\u00eatre collectif.<\/p>\n<p style=\"text-align: center;\"><a href=\"https:\/\/www.vahatra-tsididy.org\/index.php\/sensibilisation-sur-les-themes-sociaux\/\">voir plus &#8230;<\/a><\/p>\n<\/div>\n<\/div><\/div><\/div><div id=\"pgc-gb76-69f0b62bba4ec-1-1\"  class=\"panel-grid-cell\" ><div id=\"panel-gb76-69f0b62bba4ec-1-1-0\" class=\"so-panel widget widget_sow-image panel-first-child\" data-index=\"5\" ><div\n\t\t\t\n\t\t\tclass=\"so-widget-sow-image so-widget-sow-image-default-8b5b6f678277-76\"\n\t\t\t\n\t\t>\n<div class=\"sow-image-container\">\n\t\t\t<a href=\"https:\/\/www.vahatra-tsididy.org\/index.php\/volet-securisation-alimentaire-vsa\/\"\n\t\t\t\t\t>\n\t\t\t<img \n\tsrc=\"https:\/\/www.vahatra-tsididy.org\/wp-content\/uploads\/2025\/09\/7.png\" width=\"1271\" height=\"676\" srcset=\"https:\/\/www.vahatra-tsididy.org\/wp-content\/uploads\/2025\/09\/7.png 1271w, https:\/\/www.vahatra-tsididy.org\/wp-content\/uploads\/2025\/09\/7-300x160.png 300w, https:\/\/www.vahatra-tsididy.org\/wp-content\/uploads\/2025\/09\/7-1024x545.png 1024w, https:\/\/www.vahatra-tsididy.org\/wp-content\/uploads\/2025\/09\/7-768x408.png 768w\" sizes=\"(max-width: 1271px) 100vw, 1271px\" alt=\"\" \t\tclass=\"so-widget-image\"\/>\n\t\t\t<\/a><\/div>\n\n<\/div><\/div><div id=\"panel-gb76-69f0b62bba4ec-1-1-1\" class=\"so-panel widget widget_sow-editor panel-last-child\" data-index=\"6\" ><div\n\t\t\t\n\t\t\tclass=\"so-widget-sow-editor so-widget-sow-editor-base\"\n\t\t\t\n\t\t>\n<div class=\"siteorigin-widget-tinymce textwidget\">\n\t<h4>Volet S\u00e9curisation Alimentaire (VSA)<\/h4>\n<p style=\"text-align: justify;\">L\u2019objectif est d\u2019am\u00e9liorer durablement la disponibilit\u00e9 et la qualit\u00e9 de l\u2019alimentation des m\u00e9nages.<\/p>\n<p style=\"text-align: center;\"><a href=\"https:\/\/www.vahatra-tsididy.org\/index.php\/volet-securisation-alimentaire-vsa\/\">Voir plus &#8230;<\/a><\/p>\n<\/div>\n<\/div><\/div><\/div><div id=\"pgc-gb76-69f0b62bba4ec-1-2\"  class=\"panel-grid-cell\" ><div id=\"panel-gb76-69f0b62bba4ec-1-2-0\" class=\"so-panel widget widget_sow-image panel-first-child\" data-index=\"7\" ><div\n\t\t\t\n\t\t\tclass=\"so-widget-sow-image so-widget-sow-image-default-8b5b6f678277-76\"\n\t\t\t\n\t\t>\n<div class=\"sow-image-container\">\n\t\t\t<a href=\"https:\/\/www.vahatra-tsididy.org\/index.php\/volet-environnement-et-changement-climatique\/\"\n\t\t\t\t\t>\n\t\t\t<img \n\tsrc=\"https:\/\/www.vahatra-tsididy.org\/wp-content\/uploads\/2025\/11\/rebois-7-compressed.jpg\" width=\"4000\" height=\"2795\" sizes=\"(max-width: 4000px) 100vw, 4000px\" title=\"18 Novembre 2025 &#8211; Morafeno\" alt=\"\" \t\tclass=\"so-widget-image\"\/>\n\t\t\t<\/a><\/div>\n\n<\/div><\/div><div id=\"panel-gb76-69f0b62bba4ec-1-2-1\" class=\"so-panel widget widget_sow-editor panel-last-child\" data-index=\"8\" ><div\n\t\t\t\n\t\t\tclass=\"so-widget-sow-editor so-widget-sow-editor-base\"\n\t\t\t\n\t\t>\n<div class=\"siteorigin-widget-tinymce textwidget\">\n\t<h4 class=\"entry-title\">Volet Environnement et Changement Climatique<\/h4>\n<p style=\"text-align: justify;\">Ce volet agit pour prot\u00e9ger les ressources naturelles et renforcer la r\u00e9silience face aux effets du changement climatique.<\/p>\n<p style=\"text-align: center;\"><a href=\"https:\/\/www.vahatra-tsididy.org\/index.php\/volet-environnement-et-changement-climatique\/\">voir plus &#8230;<\/a><\/p>\n<\/div>\n<\/div><\/div><\/div><\/div><\/div><\/div>","protected":false},"excerpt":{"rendered":"<p>Volet S\u00e9curisation Fonci\u00e8re (VSF) Ce volet vise \u00e0 aider les populations, particuli\u00e8rement les paysans vuln\u00e9rables, \u00e0 s\u00e9curiser leurs terres par [&hellip;]<\/p>\n","protected":false},"author":1,"featured_media":0,"parent":0,"menu_order":0,"comment_status":"closed","ping_status":"closed","template":"","meta":{"site-sidebar-layout":"default","site-content-layout":"","ast-site-content-layout":"default","site-content-style":"default","site-sidebar-style":"default","ast-global-header-display":"","ast-banner-title-visibility":"","ast-main-header-display":"","ast-hfb-above-header-display":"","ast-hfb-below-header-display":"","ast-hfb-mobile-header-display":"","site-post-title":"disabled","ast-breadcrumbs-content":"","ast-featured-img":"","footer-sml-layout":"","theme-transparent-header-meta":"","adv-header-id-meta":"","stick-header-meta":"","header-above-stick-meta":"","header-main-stick-meta":"","header-below-stick-meta":"","astra-migrate-meta-layouts":"default","ast-page-background-enabled":"default","ast-page-background-meta":{"desktop":{"background-color":"var(--ast-global-color-5)","background-image":"","background-repeat":"repeat","background-position":"center center","background-size":"auto","background-attachment":"scroll","background-type":"","background-media":"","overlay-type":"","overlay-color":"","overlay-opacity":"","overlay-gradient":""},"tablet":{"background-color":"","background-image":"","background-repeat":"repeat","background-position":"center center","background-size":"auto","background-attachment":"scroll","background-type":"","background-media":"","overlay-type":"","overlay-color":"","overlay-opacity":"","overlay-gradient":""},"mobile":{"background-color":"","background-image":"","background-repeat":"repeat","background-position":"center center","background-size":"auto","background-attachment":"scroll","background-type":"","background-media":"","overlay-type":"","overlay-color":"","overlay-opacity":"","overlay-gradient":""}},"ast-content-background-meta":{"desktop":{"background-color":"var(--ast-global-color-4)","background-image":"","background-repeat":"repeat","background-position":"center center","background-size":"auto","background-attachment":"scroll","background-type":"","background-media":"","overlay-type":"","overlay-color":"","overlay-opacity":"","overlay-gradient":""},"tablet":{"background-color":"var(--ast-global-color-4)","background-image":"","background-repeat":"repeat","background-position":"center center","background-size":"auto","background-attachment":"scroll","background-type":"","background-media":"","overlay-type":"","overlay-color":"","overlay-opacity":"","overlay-gradient":""},"mobile":{"background-color":"var(--ast-global-color-4)","background-image":"","background-repeat":"repeat","background-position":"center center","background-size":"auto","background-attachment":"scroll","background-type":"","background-media":"","overlay-type":"","overlay-color":"","overlay-opacity":"","overlay-gradient":""}},"footnotes":""},"class_list":["post-76","page","type-page","status-publish","hentry"],"_links":{"self":[{"href":"https:\/\/www.vahatra-tsididy.org\/index.php\/wp-json\/wp\/v2\/pages\/76","targetHints":{"allow":["GET"]}}],"collection":[{"href":"https:\/\/www.vahatra-tsididy.org\/index.php\/wp-json\/wp\/v2\/pages"}],"about":[{"href":"https:\/\/www.vahatra-tsididy.org\/index.php\/wp-json\/wp\/v2\/types\/page"}],"author":[{"embeddable":true,"href":"https:\/\/www.vahatra-tsididy.org\/index.php\/wp-json\/wp\/v2\/users\/1"}],"replies":[{"embeddable":true,"href":"https:\/\/www.vahatra-tsididy.org\/index.php\/wp-json\/wp\/v2\/comments?post=76"}],"version-history":[{"count":38,"href":"https:\/\/www.vahatra-tsididy.org\/index.php\/wp-json\/wp\/v2\/pages\/76\/revisions"}],"predecessor-version":[{"id":1146,"href":"https:\/\/www.vahatra-tsididy.org\/index.php\/wp-json\/wp\/v2\/pages\/76\/revisions\/1146"}],"wp:attachment":[{"href":"https:\/\/www.vahatra-tsididy.org\/index.php\/wp-json\/wp\/v2\/media?parent=76"}],"curies":[{"name":"wp","href":"https:\/\/api.w.org\/{rel}","templated":true}]}}