{"id":678,"date":"2025-08-21T13:14:18","date_gmt":"2025-08-21T13:14:18","guid":{"rendered":"https:\/\/www.vahatra-tsididy.org\/?page_id=678"},"modified":"2025-09-30T14:17:46","modified_gmt":"2025-09-30T14:17:46","slug":"zone-dintervention","status":"publish","type":"page","link":"https:\/\/www.vahatra-tsididy.org\/index.php\/zone-dintervention\/","title":{"rendered":"Zone d&rsquo;intervention"},"content":{"rendered":"<div id=\"pl-gb678-69f0b2c1c5019\"  class=\"panel-layout\" ><div id=\"pg-gb678-69f0b2c1c5019-0\"  class=\"panel-grid panel-has-style\" ><div class=\"siteorigin-panels-stretch panel-row-style panel-row-style-for-gb678-69f0b2c1c5019-0\" data-stretch-type=\"full\" ><div id=\"pgc-gb678-69f0b2c1c5019-0-0\"  class=\"panel-grid-cell\" ><div id=\"panel-gb678-69f0b2c1c5019-0-0-0\" class=\"so-panel widget widget_sow-headline panel-first-child panel-last-child\" data-index=\"0\" ><div\n\t\t\t\n\t\t\tclass=\"so-widget-sow-headline so-widget-sow-headline-default-ec422a0a4575-678 so-widget-fittext-wrapper\"\n\t\t\t data-fit-text-compressor=\"0\"\n\t\t><div class=\"sow-headline-container \">\n\t\t\t\t\t\t\t<h2 class=\"sow-headline\">\n\t\t\t\t\t\tZone d&rsquo;intervention \t\t\t\t\t\t<\/h2>\n\t\t\t\t\t\t\t\t\t\t\t<div class=\"decoration\">\n\t\t\t\t\t\t<div class=\"decoration-inside\"><\/div>\n\t\t\t\t\t<\/div>\n\t\t\t\t\t\t\t\t\t\t\t<h3 class=\"sow-sub-headline\">\n\t\t\t\t\t\tLe projet Vahatra agit dans 81 villages, 45 fokontany, 10 communes de la r\u00e9gion Bongolava, Tsiroanomandidy.\t\t\t\t\t\t<\/h3>\n\t\t\t\t\t\t<\/div>\n<\/div><\/div><\/div><\/div><\/div><div id=\"pg-gb678-69f0b2c1c5019-1\"  class=\"panel-grid panel-has-style\" ><div class=\"panel-row-style panel-row-style-for-gb678-69f0b2c1c5019-1\" ><div id=\"pgc-gb678-69f0b2c1c5019-1-0\"  class=\"panel-grid-cell\" ><div id=\"panel-gb678-69f0b2c1c5019-1-0-0\" class=\"so-panel widget widget_sow-editor panel-first-child panel-last-child\" data-index=\"1\" ><div\n\t\t\t\n\t\t\tclass=\"so-widget-sow-editor so-widget-sow-editor-base\"\n\t\t\t\n\t\t><h3 class=\"widget-title\">Territoires couvertes par le Projet VAHATRA<\/h3>\n<div class=\"siteorigin-widget-tinymce textwidget\">\n\t<p style=\"text-align: justify;\">Le projet VAHATRA intervient activement dans la r\u00e9gion de Bongolava, au niveau du district de Tsiroanomandidy. Le projet agit dans 10 communes : Ambararatabe, Ambatolampy, Bevato, Fiadanantsoa, Mahasola, Maritampona, Miandrarivo, Soanierana, Tsiroanomandidy Fiaonana et Tsinjoarivo Imanga, r\u00e9parties en 45 fokontany, et touchant 81 villages. Les b\u00e9n\u00e9ficiaires principaux incluent les groupements de femmes, les \u00e9l\u00e8ves, ainsi que l\u2019ensemble des m\u00e9nages des villages concern\u00e9s. Gr\u00e2ce \u00e0 cette organisation territoriale, le projet peut cibler efficacement ses interventions et maximiser son impact sur le d\u00e9veloppement communautaire.<\/p>\n<\/div>\n<\/div><\/div><\/div><div id=\"pgc-gb678-69f0b2c1c5019-1-1\"  class=\"panel-grid-cell\" ><div id=\"panel-gb678-69f0b2c1c5019-1-1-0\" class=\"so-panel widget widget_sow-image panel-first-child panel-last-child\" data-index=\"2\" ><div\n\t\t\t\n\t\t\tclass=\"so-widget-sow-image so-widget-sow-image-default-8b5b6f678277-678\"\n\t\t\t\n\t\t><\/div><\/div><\/div><\/div><\/div><div id=\"pg-gb678-69f0b2c1c5019-2\"  class=\"panel-grid panel-has-style\" ><div class=\"panel-row-style panel-row-style-for-gb678-69f0b2c1c5019-2\" ><div id=\"pgc-gb678-69f0b2c1c5019-2-0\"  class=\"panel-grid-cell\" ><div id=\"panel-gb678-69f0b2c1c5019-2-0-0\" class=\"so-panel widget widget_sow-editor panel-first-child\" data-index=\"3\" ><div\n\t\t\t\n\t\t\tclass=\"so-widget-sow-editor so-widget-sow-editor-base\"\n\t\t\t\n\t\t><h3 class=\"widget-title\">La structuration des groupements<\/h3>\n<div class=\"siteorigin-widget-tinymce textwidget\">\n\t<p style=\"text-align: justify;\">Dans le cadre de la structuration des groupements, nos interventions se sont \u00e9tendues \u00e0 10 communes de la r\u00e9gion, mobilisant l\u2019\u00e9nergie de 13 animateurs et socio-organisateurs. Aujourd\u2019hui, ce travail collectif rassemble pr\u00e8s de 3 970 m\u00e9nages, dont 1 425 hommes (36 %) et 2 545 femmes (64 %), organis\u00e9s en 155 groupements actifs. Parmi eux, 56 nouveaux groupements ont vu le jour (40 % des b\u00e9n\u00e9ficiaires), aux c\u00f4t\u00e9s de 99 groupements plus anciens (60 %), renfor\u00e7ant ainsi la dynamique communautaire et l\u2019implication des foyers ruraux dans le processus de d\u00e9veloppement. Le projet Vahatra, mis en \u0153uvre dans le dioc\u00e8se de Tsiroanomandidy, accompagne directement environ 25 000 personnes et touche indirectement pr\u00e8s de 100 000 habitants \u00e0 travers les \u00e9changes communautaires.<\/p>\n<\/div>\n<\/div><\/div><div id=\"panel-gb678-69f0b2c1c5019-2-0-1\" class=\"so-panel widget widget_sow-image panel-last-child\" data-index=\"4\" ><div class=\"so-rounded panel-widget-style panel-widget-style-for-gb678-69f0b2c1c5019-2-0-1\" ><div\n\t\t\t\n\t\t\tclass=\"so-widget-sow-image so-widget-sow-image-default-8b5b6f678277-678\"\n\t\t\t\n\t\t>\n<div class=\"sow-image-container\">\n\t\t<img \n\tsrc=\"https:\/\/www.vahatra-tsididy.org\/wp-content\/uploads\/2025\/09\/Zone-d-intervention-tahiry.png\" width=\"3507\" height=\"2480\" sizes=\"(max-width: 3507px) 100vw, 3507px\" alt=\"\" \t\tclass=\"so-widget-image\"\/>\n\t<\/div>\n\n<\/div><\/div><\/div><\/div><\/div><\/div><div id=\"pg-gb678-69f0b2c1c5019-3\"  class=\"panel-grid panel-has-style\" ><div class=\"panel-row-style panel-row-style-for-gb678-69f0b2c1c5019-3\" ><div id=\"pgc-gb678-69f0b2c1c5019-3-0\"  class=\"panel-grid-cell\" ><div id=\"panel-gb678-69f0b2c1c5019-3-0-0\" class=\"so-panel widget widget_sow-editor panel-first-child panel-last-child\" data-index=\"5\" ><div\n\t\t\t\n\t\t\tclass=\"so-widget-sow-editor so-widget-sow-editor-base\"\n\t\t\t\n\t\t>\n<div class=\"siteorigin-widget-tinymce textwidget\">\n\t\n<table id=\"tablepress-1\" class=\"tablepress tablepress-id-1\">\n<thead>\n<tr class=\"row-1\">\n\t<td class=\"column-1\"><\/td><th class=\"column-2\">Nombre Groupement<\/th><th class=\"column-3\">Nombres des m\u00e9nages<\/th>\n<\/tr>\n<\/thead>\n<tbody class=\"row-striping row-hover\">\n<tr class=\"row-2\">\n\t<td class=\"column-1\">Nouveaux groupements<\/td><td class=\"column-2\">56<\/td><td class=\"column-3\">1 530 (40%)<\/td>\n<\/tr>\n<tr class=\"row-3\">\n\t<td class=\"column-1\">Anciens groupements<\/td><td class=\"column-2\">99<\/td><td class=\"column-3\">2 440 (60%)<\/td>\n<\/tr>\n<tr class=\"row-4\">\n\t<td class=\"column-1\">TOTAL<\/td><td class=\"column-2\">155<\/td><td class=\"column-3\">3 970<\/td>\n<\/tr>\n<\/tbody>\n<\/table>\n<!-- #tablepress-1 from cache -->\n<\/div>\n<\/div><\/div><\/div><\/div><\/div><div id=\"pg-gb678-69f0b2c1c5019-4\"  class=\"panel-grid panel-no-style\" ><div id=\"pgc-gb678-69f0b2c1c5019-4-0\"  class=\"panel-grid-cell\" ><div id=\"panel-gb678-69f0b2c1c5019-4-0-0\" class=\"so-panel widget widget_sow-editor panel-first-child panel-last-child\" data-index=\"6\" ><div\n\t\t\t\n\t\t\tclass=\"so-widget-sow-editor so-widget-sow-editor-base\"\n\t\t\t\n\t\t>\n<div class=\"siteorigin-widget-tinymce textwidget\">\n\t\n<table id=\"tablepress-2\" class=\"tablepress tablepress-id-2\">\n<thead>\n<tr class=\"row-1\">\n\t<th class=\"column-1\">Communes<\/th><th class=\"column-2\">Fokontany<\/th><th class=\"column-3\">Villages<\/th><th class=\"column-4\">Groupement<\/th><th class=\"column-5\">Membres<\/th><th class=\"column-6\">Femmes<\/th><th class=\"column-7\">Hommes<\/th>\n<\/tr>\n<\/thead>\n<tbody class=\"row-striping row-hover\">\n<tr class=\"row-2\">\n\t<td class=\"column-1\">10<\/td><td class=\"column-2\">45<\/td><td class=\"column-3\">81<\/td><td class=\"column-4\">155<\/td><td class=\"column-5\">3482<\/td><td class=\"column-6\">1222<\/td><td class=\"column-7\">2260<\/td>\n<\/tr>\n<\/tbody>\n<\/table>\n<!-- #tablepress-2 from cache -->\n<\/div>\n<\/div><\/div><\/div><\/div><div id=\"pg-gb678-69f0b2c1c5019-5\"  class=\"panel-grid panel-no-style\" ><div id=\"pgc-gb678-69f0b2c1c5019-5-0\"  class=\"panel-grid-cell panel-grid-cell-empty\" ><\/div><\/div><\/div>","protected":false},"excerpt":{"rendered":"<p>Le projet VAHATRA intervient activement dans la r\u00e9gion de Bongolava, au niveau du district de Tsiroanomandidy. Le projet agit dans [&hellip;]<\/p>\n","protected":false},"author":1,"featured_media":0,"parent":0,"menu_order":0,"comment_status":"closed","ping_status":"closed","template":"","meta":{"site-sidebar-layout":"default","site-content-layout":"","ast-site-content-layout":"default","site-content-style":"default","site-sidebar-style":"default","ast-global-header-display":"","ast-banner-title-visibility":"","ast-main-header-display":"","ast-hfb-above-header-display":"","ast-hfb-below-header-display":"","ast-hfb-mobile-header-display":"","site-post-title":"disabled","ast-breadcrumbs-content":"","ast-featured-img":"","footer-sml-layout":"","theme-transparent-header-meta":"default","adv-header-id-meta":"","stick-header-meta":"","header-above-stick-meta":"","header-main-stick-meta":"","header-below-stick-meta":"","astra-migrate-meta-layouts":"set","ast-page-background-enabled":"default","ast-page-background-meta":{"desktop":{"background-color":"var(--ast-global-color-5)","background-image":"","background-repeat":"repeat","background-position":"center center","background-size":"auto","background-attachment":"scroll","background-type":"","background-media":"","overlay-type":"","overlay-color":"","overlay-opacity":"","overlay-gradient":""},"tablet":{"background-color":"","background-image":"","background-repeat":"repeat","background-position":"center center","background-size":"auto","background-attachment":"scroll","background-type":"","background-media":"","overlay-type":"","overlay-color":"","overlay-opacity":"","overlay-gradient":""},"mobile":{"background-color":"","background-image":"","background-repeat":"repeat","background-position":"center center","background-size":"auto","background-attachment":"scroll","background-type":"","background-media":"","overlay-type":"","overlay-color":"","overlay-opacity":"","overlay-gradient":""}},"ast-content-background-meta":{"desktop":{"background-color":"var(--ast-global-color-4)","background-image":"","background-repeat":"repeat","background-position":"center center","background-size":"auto","background-attachment":"scroll","background-type":"","background-media":"","overlay-type":"","overlay-color":"","overlay-opacity":"","overlay-gradient":""},"tablet":{"background-color":"var(--ast-global-color-4)","background-image":"","background-repeat":"repeat","background-position":"center center","background-size":"auto","background-attachment":"scroll","background-type":"","background-media":"","overlay-type":"","overlay-color":"","overlay-opacity":"","overlay-gradient":""},"mobile":{"background-color":"var(--ast-global-color-4)","background-image":"","background-repeat":"repeat","background-position":"center center","background-size":"auto","background-attachment":"scroll","background-type":"","background-media":"","overlay-type":"","overlay-color":"","overlay-opacity":"","overlay-gradient":""}},"footnotes":""},"class_list":["post-678","page","type-page","status-publish","hentry"],"_links":{"self":[{"href":"https:\/\/www.vahatra-tsididy.org\/index.php\/wp-json\/wp\/v2\/pages\/678","targetHints":{"allow":["GET"]}}],"collection":[{"href":"https:\/\/www.vahatra-tsididy.org\/index.php\/wp-json\/wp\/v2\/pages"}],"about":[{"href":"https:\/\/www.vahatra-tsididy.org\/index.php\/wp-json\/wp\/v2\/types\/page"}],"author":[{"embeddable":true,"href":"https:\/\/www.vahatra-tsididy.org\/index.php\/wp-json\/wp\/v2\/users\/1"}],"replies":[{"embeddable":true,"href":"https:\/\/www.vahatra-tsididy.org\/index.php\/wp-json\/wp\/v2\/comments?post=678"}],"version-history":[{"count":31,"href":"https:\/\/www.vahatra-tsididy.org\/index.php\/wp-json\/wp\/v2\/pages\/678\/revisions"}],"predecessor-version":[{"id":1079,"href":"https:\/\/www.vahatra-tsididy.org\/index.php\/wp-json\/wp\/v2\/pages\/678\/revisions\/1079"}],"wp:attachment":[{"href":"https:\/\/www.vahatra-tsididy.org\/index.php\/wp-json\/wp\/v2\/media?parent=678"}],"curies":[{"name":"wp","href":"https:\/\/api.w.org\/{rel}","templated":true}]}}