{"id":300,"date":"2025-08-11T06:09:13","date_gmt":"2025-08-11T06:09:13","guid":{"rendered":"https:\/\/www.vahatra-tsididy.org\/?page_id=300"},"modified":"2025-09-04T12:48:21","modified_gmt":"2025-09-04T12:48:21","slug":"sensibilisation-sur-les-themes-sociaux","status":"publish","type":"page","link":"https:\/\/www.vahatra-tsididy.org\/index.php\/sensibilisation-sur-les-themes-sociaux\/","title":{"rendered":"Sensibilisation sur les th\u00e8mes sociaux"},"content":{"rendered":"<div id=\"pl-gb300-69f0b42b93387\"  class=\"panel-layout\" ><div id=\"pg-gb300-69f0b42b93387-0\"  class=\"panel-grid panel-has-style\" ><div class=\"siteorigin-panels-stretch panel-row-style panel-row-style-for-gb300-69f0b42b93387-0\" data-stretch-type=\"full\" ><div id=\"pgc-gb300-69f0b42b93387-0-0\"  class=\"panel-grid-cell\" ><div id=\"panel-gb300-69f0b42b93387-0-0-0\" class=\"so-panel widget widget_sow-headline panel-first-child panel-last-child\" data-index=\"0\" ><div\n\t\t\t\n\t\t\tclass=\"so-widget-sow-headline so-widget-sow-headline-default-ec422a0a4575-300 so-widget-fittext-wrapper\"\n\t\t\t data-fit-text-compressor=\"0.85\"\n\t\t><div class=\"sow-headline-container \">\n\t\t\t\t\t\t\t<h2 class=\"sow-headline\">\n\t\t\t\t\t\tSensibilisation sur les th\u00e8mes sociaux \t\t\t\t\t\t<\/h2>\n\t\t\t\t\t\t\t\t\t\t\t<div class=\"decoration\">\n\t\t\t\t\t\t<div class=\"decoration-inside\"><\/div>\n\t\t\t\t\t<\/div>\n\t\t\t\t\t\t\t\t\t\t\t<h3 class=\"sow-sub-headline\">\n\t\t\t\t\t\tLe projet VAHATRA m\u00e8ne des s\u00e9ances de sensibilisation communautaire afin de promouvoir des comportements favorables \u00e0 la sant\u00e9, \u00e0 l\u2019hygi\u00e8ne et au respect des droits fondamentaux.\t\t\t\t\t\t<\/h3>\n\t\t\t\t\t\t<\/div>\n<\/div><\/div><\/div><\/div><\/div><div id=\"pg-gb300-69f0b42b93387-1\"  class=\"panel-grid panel-no-style\" ><div id=\"pgc-gb300-69f0b42b93387-1-0\"  class=\"panel-grid-cell\" ><div id=\"panel-gb300-69f0b42b93387-1-0-0\" class=\"so-panel widget widget_sow-editor panel-first-child panel-last-child\" data-index=\"1\" ><div\n\t\t\t\n\t\t\tclass=\"so-widget-sow-editor so-widget-sow-editor-base\"\n\t\t\t\n\t\t>\n<div class=\"siteorigin-widget-tinymce textwidget\">\n\t<h4><strong>Actions transversales : Sensibilisation sur les th\u00e8mes sociaux<\/strong><\/h4>\n<p style=\"text-align: justify;\">Dans le cadre de ses actions transversales, le projet VAHATRA m\u00e8ne des s\u00e9ances de sensibilisation communautaire afin de promouvoir des comportements favorables \u00e0 la sant\u00e9, \u00e0 l\u2019hygi\u00e8ne et au respect des droits fondamentaux. Ces initiatives visent \u00e0 renforcer la coh\u00e9sion sociale et \u00e0 am\u00e9liorer les conditions de vie des m\u00e9nages dans la r\u00e9gion de Tsiroanomandidy.<\/p>\n<\/div>\n<\/div><\/div><\/div><div id=\"pgc-gb300-69f0b42b93387-1-1\"  class=\"panel-grid-cell\" ><div id=\"panel-gb300-69f0b42b93387-1-1-0\" class=\"so-panel widget widget_sow-image panel-first-child panel-last-child\" data-index=\"2\" ><div class=\"panel-widget-style panel-widget-style-for-gb300-69f0b42b93387-1-1-0\" ><div\n\t\t\t\n\t\t\tclass=\"so-widget-sow-image so-widget-sow-image-default-8b5b6f678277-300\"\n\t\t\t\n\t\t>\n<div class=\"sow-image-container\">\n\t\t<img \n\tsrc=\"https:\/\/www.vahatra-tsididy.org\/wp-content\/uploads\/2025\/08\/WhatsApp-Image-2025-07-18-a-.jpg\" width=\"1600\" height=\"707\" srcset=\"https:\/\/www.vahatra-tsididy.org\/wp-content\/uploads\/2025\/08\/WhatsApp-Image-2025-07-18-a-.jpg 1600w, https:\/\/www.vahatra-tsididy.org\/wp-content\/uploads\/2025\/08\/WhatsApp-Image-2025-07-18-a--300x133.jpg 300w, https:\/\/www.vahatra-tsididy.org\/wp-content\/uploads\/2025\/08\/WhatsApp-Image-2025-07-18-a--1024x452.jpg 1024w, https:\/\/www.vahatra-tsididy.org\/wp-content\/uploads\/2025\/08\/WhatsApp-Image-2025-07-18-a--768x339.jpg 768w, https:\/\/www.vahatra-tsididy.org\/wp-content\/uploads\/2025\/08\/WhatsApp-Image-2025-07-18-a--1536x679.jpg 1536w\" sizes=\"(max-width: 1600px) 100vw, 1600px\" alt=\"\" \t\tclass=\"so-widget-image\"\/>\n\t<\/div>\n\n<\/div><\/div><\/div><\/div><\/div><div id=\"pg-gb300-69f0b42b93387-2\"  class=\"panel-grid panel-no-style\" ><div id=\"pgc-gb300-69f0b42b93387-2-0\"  class=\"panel-grid-cell\" ><div id=\"panel-gb300-69f0b42b93387-2-0-0\" class=\"so-panel widget widget_sow-image panel-first-child\" data-index=\"3\" ><div class=\"panel-widget-style panel-widget-style-for-gb300-69f0b42b93387-2-0-0\" ><div\n\t\t\t\n\t\t\tclass=\"so-widget-sow-image so-widget-sow-image-default-c67d20f9f743-300\"\n\t\t\t\n\t\t>\n<div class=\"sow-image-container\">\n\t\t<img \n\tsrc=\"https:\/\/www.vahatra-tsididy.org\/wp-content\/uploads\/2025\/08\/WhatsApp-Image-2025-07-18-a-15.04.32_098d3.jpg\" width=\"1599\" height=\"707\" srcset=\"https:\/\/www.vahatra-tsididy.org\/wp-content\/uploads\/2025\/08\/WhatsApp-Image-2025-07-18-a-15.04.32_098d3.jpg 1599w, https:\/\/www.vahatra-tsididy.org\/wp-content\/uploads\/2025\/08\/WhatsApp-Image-2025-07-18-a-15.04.32_098d3-300x133.jpg 300w, https:\/\/www.vahatra-tsididy.org\/wp-content\/uploads\/2025\/08\/WhatsApp-Image-2025-07-18-a-15.04.32_098d3-1024x453.jpg 1024w, https:\/\/www.vahatra-tsididy.org\/wp-content\/uploads\/2025\/08\/WhatsApp-Image-2025-07-18-a-15.04.32_098d3-768x340.jpg 768w, https:\/\/www.vahatra-tsididy.org\/wp-content\/uploads\/2025\/08\/WhatsApp-Image-2025-07-18-a-15.04.32_098d3-1536x679.jpg 1536w\" sizes=\"(max-width: 1599px) 100vw, 1599px\" alt=\"\" \t\tclass=\"so-widget-image\"\/>\n\t<\/div>\n\n<\/div><\/div><\/div><div id=\"panel-gb300-69f0b42b93387-2-0-1\" class=\"so-panel widget widget_sow-image panel-last-child\" data-index=\"4\" ><div class=\"panel-widget-style panel-widget-style-for-gb300-69f0b42b93387-2-0-1\" ><div\n\t\t\t\n\t\t\tclass=\"so-widget-sow-image so-widget-sow-image-default-c67d20f9f743-300\"\n\t\t\t\n\t\t>\n<div class=\"sow-image-container\">\n\t\t<img \n\tsrc=\"https:\/\/www.vahatra-tsididy.org\/wp-content\/uploads\/2025\/08\/WhatsApp-Image-2025-07-18-a-15.04.32_098d3.jpg\" width=\"1599\" height=\"707\" srcset=\"https:\/\/www.vahatra-tsididy.org\/wp-content\/uploads\/2025\/08\/WhatsApp-Image-2025-07-18-a-15.04.32_098d3.jpg 1599w, https:\/\/www.vahatra-tsididy.org\/wp-content\/uploads\/2025\/08\/WhatsApp-Image-2025-07-18-a-15.04.32_098d3-300x133.jpg 300w, https:\/\/www.vahatra-tsididy.org\/wp-content\/uploads\/2025\/08\/WhatsApp-Image-2025-07-18-a-15.04.32_098d3-1024x453.jpg 1024w, https:\/\/www.vahatra-tsididy.org\/wp-content\/uploads\/2025\/08\/WhatsApp-Image-2025-07-18-a-15.04.32_098d3-768x340.jpg 768w, https:\/\/www.vahatra-tsididy.org\/wp-content\/uploads\/2025\/08\/WhatsApp-Image-2025-07-18-a-15.04.32_098d3-1536x679.jpg 1536w\" sizes=\"(max-width: 1599px) 100vw, 1599px\" alt=\"\" \t\tclass=\"so-widget-image\"\/>\n\t<\/div>\n\n<\/div><\/div><\/div><\/div><div id=\"pgc-gb300-69f0b42b93387-2-1\"  class=\"panel-grid-cell\" ><div id=\"panel-gb300-69f0b42b93387-2-1-0\" class=\"so-panel widget widget_sow-editor panel-first-child panel-last-child\" data-index=\"5\" ><div\n\t\t\t\n\t\t\tclass=\"so-widget-sow-editor so-widget-sow-editor-base\"\n\t\t\t\n\t\t>\n<div class=\"siteorigin-widget-tinymce textwidget\">\n\t<h4><strong>Les activit\u00e9s men\u00e9es dans le cadre du volet : <\/strong><\/h4>\n<ul style=\"font-size: 27px; font-family: Bellefair;\">\n<li style=\"list-style-type: none;\">\n<ul style=\"font-size: 27px; list-style-type: square; font-family: Bellefair;\">\n<li>Sensibilisation \u00e0 l\u2019eau potable et \u00e0 l\u2019hygi\u00e8ne.<\/li>\n<li>Hygi\u00e8ne, assainissement et gestion des d\u00e9chets.<\/li>\n<li>Appui aux jugements suppl\u00e9tifs et acc\u00e8s au droit \u00e0 l\u2019identit\u00e9.<\/li>\n<li>Promotion de l\u2019acc\u00e8s aux droits fondamentaux.<\/li>\n<\/ul>\n<\/li>\n<\/ul>\n<\/div>\n<\/div><\/div><\/div><\/div><div id=\"pg-gb300-69f0b42b93387-3\"  class=\"panel-grid panel-no-style\" ><div id=\"pgc-gb300-69f0b42b93387-3-0\"  class=\"panel-grid-cell\" ><div id=\"panel-gb300-69f0b42b93387-3-0-0\" class=\"so-panel widget widget_sow-image panel-first-child panel-last-child\" data-index=\"6\" ><div class=\"so-rounded panel-widget-style panel-widget-style-for-gb300-69f0b42b93387-3-0-0\" ><div\n\t\t\t\n\t\t\tclass=\"so-widget-sow-image so-widget-sow-image-default-113ccd71f3e6-300\"\n\t\t\t\n\t\t>\n<div class=\"sow-image-container\">\n\t\t\t<a href=\"https:\/\/www.vahatra-tsididy.org\/index.php\/2025\/08\/18\/quand-le-piment-devient-une-activite-generatrice-de-revenus-durable\/\"\n\t\t\t\t\t>\n\t\t\t<img \n\tsrc=\"https:\/\/www.vahatra-tsididy.org\/wp-content\/uploads\/2025\/08\/WhatsApp-Image-2025-08-19-a-14.53.02_544359f61.jpg\" width=\"644\" height=\"642\" srcset=\"https:\/\/www.vahatra-tsididy.org\/wp-content\/uploads\/2025\/08\/WhatsApp-Image-2025-08-19-a-14.53.02_544359f61.jpg 644w, https:\/\/www.vahatra-tsididy.org\/wp-content\/uploads\/2025\/08\/WhatsApp-Image-2025-08-19-a-14.53.02_544359f61-300x300.jpg 300w, https:\/\/www.vahatra-tsididy.org\/wp-content\/uploads\/2025\/08\/WhatsApp-Image-2025-08-19-a-14.53.02_544359f61-150x150.jpg 150w\" sizes=\"(max-width: 644px) 100vw, 644px\" title=\"Protection de l\u2019environnement et du climat \" alt=\"\" \t\tclass=\"so-widget-image\"\/>\n\t\t\t<\/a><\/div>\n\n<h3 class=\"widget-title\">\t\t<a href=\"https:\/\/www.vahatra-tsididy.org\/index.php\/2025\/08\/18\/quand-le-piment-devient-une-activite-generatrice-de-revenus-durable\/\"\n\t\t\t\t\t>\n\t\tProtection de l\u2019environnement et du climat <\/a><\/h3><\/div><\/div><\/div><\/div><div id=\"pgc-gb300-69f0b42b93387-3-1\"  class=\"panel-grid-cell\" ><div id=\"panel-gb300-69f0b42b93387-3-1-0\" class=\"so-panel widget widget_sow-image panel-first-child panel-last-child\" data-index=\"7\" ><div class=\"so-rounded panel-widget-style panel-widget-style-for-gb300-69f0b42b93387-3-1-0\" ><div\n\t\t\t\n\t\t\tclass=\"so-widget-sow-image so-widget-sow-image-default-113ccd71f3e6-300\"\n\t\t\t\n\t\t>\n<div class=\"sow-image-container\">\n\t\t\t<a href=\"https:\/\/www.vahatra-tsididy.org\/index.php\/2025\/08\/18\/quand-le-piment-devient-une-activite-generatrice-de-revenus-durable\/\"\n\t\t\t\t\t>\n\t\t\t<img \n\tsrc=\"https:\/\/www.vahatra-tsididy.org\/wp-content\/uploads\/2025\/08\/WhatsApp-Image-2025-08-19-a-14.53.02_544359f61.jpg\" width=\"644\" height=\"642\" srcset=\"https:\/\/www.vahatra-tsididy.org\/wp-content\/uploads\/2025\/08\/WhatsApp-Image-2025-08-19-a-14.53.02_544359f61.jpg 644w, https:\/\/www.vahatra-tsididy.org\/wp-content\/uploads\/2025\/08\/WhatsApp-Image-2025-08-19-a-14.53.02_544359f61-300x300.jpg 300w, https:\/\/www.vahatra-tsididy.org\/wp-content\/uploads\/2025\/08\/WhatsApp-Image-2025-08-19-a-14.53.02_544359f61-150x150.jpg 150w\" sizes=\"(max-width: 644px) 100vw, 644px\" title=\"Appui aux processus de renforcement des groupes\" alt=\"\" \t\tclass=\"so-widget-image\"\/>\n\t\t\t<\/a><\/div>\n\n<h3 class=\"widget-title\">\t\t<a href=\"https:\/\/www.vahatra-tsididy.org\/index.php\/2025\/08\/18\/quand-le-piment-devient-une-activite-generatrice-de-revenus-durable\/\"\n\t\t\t\t\t>\n\t\tAppui aux processus de renforcement des groupes<\/a><\/h3><\/div><\/div><\/div><\/div><div id=\"pgc-gb300-69f0b42b93387-3-2\"  class=\"panel-grid-cell\" ><div id=\"panel-gb300-69f0b42b93387-3-2-0\" class=\"so-panel widget widget_sow-image panel-first-child panel-last-child\" data-index=\"8\" ><div class=\"so-rounded panel-widget-style panel-widget-style-for-gb300-69f0b42b93387-3-2-0\" ><div\n\t\t\t\n\t\t\tclass=\"so-widget-sow-image so-widget-sow-image-default-113ccd71f3e6-300\"\n\t\t\t\n\t\t>\n<div class=\"sow-image-container\">\n\t\t\t<a href=\"https:\/\/www.vahatra-tsididy.org\/index.php\/2025\/08\/18\/quand-le-piment-devient-une-activite-generatrice-de-revenus-durable\/\"\n\t\t\t\t\t>\n\t\t\t<img \n\tsrc=\"https:\/\/www.vahatra-tsididy.org\/wp-content\/uploads\/2025\/08\/WhatsApp-Image-2025-08-19-a-14.53.02_544359f61.jpg\" width=\"644\" height=\"642\" srcset=\"https:\/\/www.vahatra-tsididy.org\/wp-content\/uploads\/2025\/08\/WhatsApp-Image-2025-08-19-a-14.53.02_544359f61.jpg 644w, https:\/\/www.vahatra-tsididy.org\/wp-content\/uploads\/2025\/08\/WhatsApp-Image-2025-08-19-a-14.53.02_544359f61-300x300.jpg 300w, https:\/\/www.vahatra-tsididy.org\/wp-content\/uploads\/2025\/08\/WhatsApp-Image-2025-08-19-a-14.53.02_544359f61-150x150.jpg 150w\" sizes=\"(max-width: 644px) 100vw, 644px\" title=\"Organisation de visites d\u2019\u00e9change entre groupes et animateurs \" alt=\"\" \t\tclass=\"so-widget-image\"\/>\n\t\t\t<\/a><\/div>\n\n<h3 class=\"widget-title\">\t\t<a href=\"https:\/\/www.vahatra-tsididy.org\/index.php\/2025\/08\/18\/quand-le-piment-devient-une-activite-generatrice-de-revenus-durable\/\"\n\t\t\t\t\t>\n\t\tOrganisation de visites d\u2019\u00e9change entre groupes et animateurs <\/a><\/h3><\/div><\/div><\/div><\/div><div id=\"pgc-gb300-69f0b42b93387-3-3\"  class=\"panel-grid-cell\" ><div id=\"panel-gb300-69f0b42b93387-3-3-0\" class=\"so-panel widget widget_sow-image panel-first-child panel-last-child\" data-index=\"9\" ><div class=\"so-rounded panel-widget-style panel-widget-style-for-gb300-69f0b42b93387-3-3-0\" ><div\n\t\t\t\n\t\t\tclass=\"so-widget-sow-image so-widget-sow-image-default-113ccd71f3e6-300\"\n\t\t\t\n\t\t>\n<div class=\"sow-image-container\">\n\t\t\t<a href=\"https:\/\/www.vahatra-tsididy.org\/index.php\/2025\/08\/18\/quand-le-piment-devient-une-activite-generatrice-de-revenus-durable\/\"\n\t\t\t\t\t>\n\t\t\t<img \n\tsrc=\"https:\/\/www.vahatra-tsididy.org\/wp-content\/uploads\/2025\/08\/WhatsApp-Image-2025-08-19-a-14.53.02_544359f61.jpg\" width=\"644\" height=\"642\" srcset=\"https:\/\/www.vahatra-tsididy.org\/wp-content\/uploads\/2025\/08\/WhatsApp-Image-2025-08-19-a-14.53.02_544359f61.jpg 644w, https:\/\/www.vahatra-tsididy.org\/wp-content\/uploads\/2025\/08\/WhatsApp-Image-2025-08-19-a-14.53.02_544359f61-300x300.jpg 300w, https:\/\/www.vahatra-tsididy.org\/wp-content\/uploads\/2025\/08\/WhatsApp-Image-2025-08-19-a-14.53.02_544359f61-150x150.jpg 150w\" sizes=\"(max-width: 644px) 100vw, 644px\" title=\"Appui-conseil, suivi et \u00e9valuation pour assurer une gestion durable \" alt=\"\" \t\tclass=\"so-widget-image\"\/>\n\t\t\t<\/a><\/div>\n\n<h3 class=\"widget-title\">\t\t<a href=\"https:\/\/www.vahatra-tsididy.org\/index.php\/2025\/08\/18\/quand-le-piment-devient-une-activite-generatrice-de-revenus-durable\/\"\n\t\t\t\t\t>\n\t\tAppui-conseil, suivi et \u00e9valuation pour assurer une gestion durable <\/a><\/h3><\/div><\/div><\/div><\/div><\/div><\/div>\n\n\n<p><\/p>\n","protected":false},"excerpt":{"rendered":"<p>Actions transversales : Sensibilisation sur les th\u00e8mes sociaux Dans le cadre de ses actions transversales, le projet VAHATRA m\u00e8ne des [&hellip;]<\/p>\n","protected":false},"author":1,"featured_media":0,"parent":0,"menu_order":0,"comment_status":"closed","ping_status":"closed","template":"","meta":{"site-sidebar-layout":"default","site-content-layout":"","ast-site-content-layout":"default","site-content-style":"default","site-sidebar-style":"default","ast-global-header-display":"","ast-banner-title-visibility":"","ast-main-header-display":"","ast-hfb-above-header-display":"","ast-hfb-below-header-display":"","ast-hfb-mobile-header-display":"","site-post-title":"disabled","ast-breadcrumbs-content":"","ast-featured-img":"","footer-sml-layout":"","theme-transparent-header-meta":"default","adv-header-id-meta":"","stick-header-meta":"","header-above-stick-meta":"","header-main-stick-meta":"","header-below-stick-meta":"","astra-migrate-meta-layouts":"set","ast-page-background-enabled":"default","ast-page-background-meta":{"desktop":{"background-color":"var(--ast-global-color-5)","background-image":"","background-repeat":"repeat","background-position":"center center","background-size":"auto","background-attachment":"scroll","background-type":"","background-media":"","overlay-type":"","overlay-color":"","overlay-opacity":"","overlay-gradient":""},"tablet":{"background-color":"","background-image":"","background-repeat":"repeat","background-position":"center center","background-size":"auto","background-attachment":"scroll","background-type":"","background-media":"","overlay-type":"","overlay-color":"","overlay-opacity":"","overlay-gradient":""},"mobile":{"background-color":"","background-image":"","background-repeat":"repeat","background-position":"center center","background-size":"auto","background-attachment":"scroll","background-type":"","background-media":"","overlay-type":"","overlay-color":"","overlay-opacity":"","overlay-gradient":""}},"ast-content-background-meta":{"desktop":{"background-color":"var(--ast-global-color-4)","background-image":"","background-repeat":"repeat","background-position":"center center","background-size":"auto","background-attachment":"scroll","background-type":"","background-media":"","overlay-type":"","overlay-color":"","overlay-opacity":"","overlay-gradient":""},"tablet":{"background-color":"var(--ast-global-color-4)","background-image":"","background-repeat":"repeat","background-position":"center center","background-size":"auto","background-attachment":"scroll","background-type":"","background-media":"","overlay-type":"","overlay-color":"","overlay-opacity":"","overlay-gradient":""},"mobile":{"background-color":"var(--ast-global-color-4)","background-image":"","background-repeat":"repeat","background-position":"center center","background-size":"auto","background-attachment":"scroll","background-type":"","background-media":"","overlay-type":"","overlay-color":"","overlay-opacity":"","overlay-gradient":""}},"footnotes":""},"class_list":["post-300","page","type-page","status-publish","hentry"],"_links":{"self":[{"href":"https:\/\/www.vahatra-tsididy.org\/index.php\/wp-json\/wp\/v2\/pages\/300","targetHints":{"allow":["GET"]}}],"collection":[{"href":"https:\/\/www.vahatra-tsididy.org\/index.php\/wp-json\/wp\/v2\/pages"}],"about":[{"href":"https:\/\/www.vahatra-tsididy.org\/index.php\/wp-json\/wp\/v2\/types\/page"}],"author":[{"embeddable":true,"href":"https:\/\/www.vahatra-tsididy.org\/index.php\/wp-json\/wp\/v2\/users\/1"}],"replies":[{"embeddable":true,"href":"https:\/\/www.vahatra-tsididy.org\/index.php\/wp-json\/wp\/v2\/comments?post=300"}],"version-history":[{"count":14,"href":"https:\/\/www.vahatra-tsididy.org\/index.php\/wp-json\/wp\/v2\/pages\/300\/revisions"}],"predecessor-version":[{"id":878,"href":"https:\/\/www.vahatra-tsididy.org\/index.php\/wp-json\/wp\/v2\/pages\/300\/revisions\/878"}],"wp:attachment":[{"href":"https:\/\/www.vahatra-tsididy.org\/index.php\/wp-json\/wp\/v2\/media?parent=300"}],"curies":[{"name":"wp","href":"https:\/\/api.w.org\/{rel}","templated":true}]}}